{"id":70,"date":"2022-05-29T15:44:25","date_gmt":"2022-05-29T15:44:25","guid":{"rendered":"https:\/\/www.nasdecin.cz\/?page_id=70"},"modified":"2022-09-17T17:12:11","modified_gmt":"2022-09-17T17:12:11","slug":"kandidati","status":"publish","type":"page","link":"https:\/\/www.nasdecin.cz\/?page_id=70","title":{"rendered":"Kandid\u00e1ti"},"content":{"rendered":"\n<figure class=\"wp-block-gallery has-nested-images columns-default is-cropped wp-block-gallery-1 is-layout-flex wp-block-gallery-is-layout-flex\">\n<figure class=\"wp-block-image size-large\"><a href=\"https:\/\/www.nasdecin.cz\/?page_id=60\"><img loading=\"lazy\" decoding=\"async\" width=\"667\" height=\"1000\" data-id=\"68\" src=\"http:\/\/www.nasdecin.cz\/wp-content\/uploads\/2022\/05\/m-IMG_8836.jpg\" alt=\"Ond\u0159ej Sm\u00ed\u0161ek\" class=\"wp-image-68\" srcset=\"https:\/\/www.nasdecin.cz\/wp-content\/uploads\/2022\/05\/m-IMG_8836.jpg 667w, https:\/\/www.nasdecin.cz\/wp-content\/uploads\/2022\/05\/m-IMG_8836-200x300.jpg 200w\" sizes=\"auto, (max-width: 667px) 100vw, 667px\" \/><\/a><figcaption>Ond\u0159ej Sm\u00ed\u0161ek<\/figcaption><\/figure>\n\n\n\n<figure class=\"wp-block-image size-large\"><a href=\"https:\/\/www.nasdecin.cz\/?page_id=81\"><img loading=\"lazy\" decoding=\"async\" width=\"721\" height=\"1000\" data-id=\"86\" src=\"http:\/\/www.nasdecin.cz\/wp-content\/uploads\/2022\/06\/m-IMG_8920.jpg\" alt=\"\" class=\"wp-image-86\" srcset=\"https:\/\/www.nasdecin.cz\/wp-content\/uploads\/2022\/06\/m-IMG_8920.jpg 721w, https:\/\/www.nasdecin.cz\/wp-content\/uploads\/2022\/06\/m-IMG_8920-216x300.jpg 216w\" sizes=\"auto, (max-width: 721px) 100vw, 721px\" \/><\/a><figcaption>Sofie Wernerov\u00e1 Dimitrov\u00e1<\/figcaption><\/figure>\n\n\n\n<figure class=\"wp-block-image size-large\"><a href=\"https:\/\/www.nasdecin.cz\/?page_id=95\"><img loading=\"lazy\" decoding=\"async\" width=\"750\" height=\"1038\" data-id=\"102\" src=\"http:\/\/www.nasdecin.cz\/wp-content\/uploads\/2022\/06\/m-IMG_8848.jpg\" alt=\"\" class=\"wp-image-102\" srcset=\"https:\/\/www.nasdecin.cz\/wp-content\/uploads\/2022\/06\/m-IMG_8848.jpg 750w, https:\/\/www.nasdecin.cz\/wp-content\/uploads\/2022\/06\/m-IMG_8848-217x300.jpg 217w, https:\/\/www.nasdecin.cz\/wp-content\/uploads\/2022\/06\/m-IMG_8848-740x1024.jpg 740w\" sizes=\"auto, (max-width: 706px) 89vw, (max-width: 767px) 82vw, 740px\" \/><\/a><figcaption>Jakub Hou\u0161ka<\/figcaption><\/figure>\n\n\n\n<figure class=\"wp-block-image size-large\"><a href=\"https:\/\/www.nasdecin.cz\/?page_id=106\"><img loading=\"lazy\" decoding=\"async\" width=\"741\" height=\"1000\" data-id=\"110\" src=\"http:\/\/www.nasdecin.cz\/wp-content\/uploads\/2022\/06\/m-IMG_8912.jpg\" alt=\"\" class=\"wp-image-110\" srcset=\"https:\/\/www.nasdecin.cz\/wp-content\/uploads\/2022\/06\/m-IMG_8912.jpg 741w, https:\/\/www.nasdecin.cz\/wp-content\/uploads\/2022\/06\/m-IMG_8912-222x300.jpg 222w\" sizes=\"auto, (max-width: 706px) 89vw, (max-width: 767px) 82vw, 740px\" \/><\/a><figcaption>Roman Stru\u017einsk\u00fd<\/figcaption><\/figure>\n\n\n\n<figure class=\"wp-block-image size-large\"><a href=\"https:\/\/www.nasdecin.cz\/?page_id=116\"><img loading=\"lazy\" decoding=\"async\" width=\"750\" height=\"1062\" data-id=\"120\" src=\"http:\/\/www.nasdecin.cz\/wp-content\/uploads\/2022\/06\/m-IMG_8807.jpg\" alt=\"\" class=\"wp-image-120\" srcset=\"https:\/\/www.nasdecin.cz\/wp-content\/uploads\/2022\/06\/m-IMG_8807.jpg 750w, https:\/\/www.nasdecin.cz\/wp-content\/uploads\/2022\/06\/m-IMG_8807-212x300.jpg 212w, https:\/\/www.nasdecin.cz\/wp-content\/uploads\/2022\/06\/m-IMG_8807-723x1024.jpg 723w\" sizes=\"auto, (max-width: 706px) 89vw, (max-width: 767px) 82vw, 740px\" \/><\/a><figcaption>Vlastislav Hlav\u00e1\u010d<\/figcaption><\/figure>\n\n\n\n<figure class=\"wp-block-image size-large\"><a href=\"https:\/\/www.nasdecin.cz\/?page_id=126\"><img loading=\"lazy\" decoding=\"async\" width=\"695\" height=\"1000\" data-id=\"131\" src=\"http:\/\/www.nasdecin.cz\/wp-content\/uploads\/2022\/06\/m-IMG_8875.jpg\" alt=\"\" class=\"wp-image-131\" srcset=\"https:\/\/www.nasdecin.cz\/wp-content\/uploads\/2022\/06\/m-IMG_8875.jpg 695w, https:\/\/www.nasdecin.cz\/wp-content\/uploads\/2022\/06\/m-IMG_8875-209x300.jpg 209w\" sizes=\"auto, (max-width: 695px) 100vw, 695px\" \/><\/a><figcaption>Petr Toncar<\/figcaption><\/figure>\n\n\n\n<figure class=\"wp-block-image size-large\"><a href=\"https:\/\/www.nasdecin.cz\/?page_id=136\"><img loading=\"lazy\" decoding=\"async\" width=\"709\" height=\"1000\" data-id=\"137\" src=\"http:\/\/www.nasdecin.cz\/wp-content\/uploads\/2022\/06\/m-IMG_8983.jpg\" alt=\"\" class=\"wp-image-137\" srcset=\"https:\/\/www.nasdecin.cz\/wp-content\/uploads\/2022\/06\/m-IMG_8983.jpg 709w, https:\/\/www.nasdecin.cz\/wp-content\/uploads\/2022\/06\/m-IMG_8983-213x300.jpg 213w\" sizes=\"auto, (max-width: 709px) 100vw, 709px\" \/><\/a><figcaption>Miroslava Posko\u010dilov\u00e1<\/figcaption><\/figure>\n\n\n\n<figure class=\"wp-block-image size-large\"><a href=\"https:\/\/www.nasdecin.cz\/?page_id=147\"><img loading=\"lazy\" decoding=\"async\" width=\"728\" height=\"1000\" data-id=\"154\" src=\"http:\/\/www.nasdecin.cz\/wp-content\/uploads\/2022\/06\/m-IMG_8952.jpg\" alt=\"\" class=\"wp-image-154\" srcset=\"https:\/\/www.nasdecin.cz\/wp-content\/uploads\/2022\/06\/m-IMG_8952.jpg 728w, https:\/\/www.nasdecin.cz\/wp-content\/uploads\/2022\/06\/m-IMG_8952-218x300.jpg 218w\" sizes=\"auto, (max-width: 728px) 100vw, 728px\" \/><\/a><figcaption>Ond\u0159ej Mich\u00e1lek<\/figcaption><\/figure>\n\n\n\n<figure class=\"wp-block-image size-large\"><a href=\"https:\/\/www.nasdecin.cz\/?page_id=145\"><img loading=\"lazy\" decoding=\"async\" width=\"685\" height=\"1000\" data-id=\"158\" src=\"http:\/\/www.nasdecin.cz\/wp-content\/uploads\/2022\/06\/m-IMG_8851.jpg\" alt=\"\" class=\"wp-image-158\" srcset=\"https:\/\/www.nasdecin.cz\/wp-content\/uploads\/2022\/06\/m-IMG_8851.jpg 685w, https:\/\/www.nasdecin.cz\/wp-content\/uploads\/2022\/06\/m-IMG_8851-206x300.jpg 206w\" sizes=\"auto, (max-width: 685px) 100vw, 685px\" \/><\/a><figcaption>Jan \u0160vihnos<\/figcaption><\/figure>\n\n\n\n<figure class=\"wp-block-image size-large\"><a href=\"https:\/\/www.nasdecin.cz\/?page_id=233\"><img loading=\"lazy\" decoding=\"async\" width=\"694\" height=\"1000\" data-id=\"236\" src=\"http:\/\/www.nasdecin.cz\/wp-content\/uploads\/2022\/07\/m-IMG_1359.jpg\" alt=\"\" class=\"wp-image-236\" srcset=\"https:\/\/www.nasdecin.cz\/wp-content\/uploads\/2022\/07\/m-IMG_1359.jpg 694w, https:\/\/www.nasdecin.cz\/wp-content\/uploads\/2022\/07\/m-IMG_1359-208x300.jpg 208w\" sizes=\"auto, (max-width: 694px) 100vw, 694px\" \/><\/a><figcaption>Martin \u0160otka<\/figcaption><\/figure>\n\n\n\n<figure class=\"wp-block-image size-large\"><a href=\"https:\/\/www.nasdecin.cz\/?page_id=203\"><img loading=\"lazy\" decoding=\"async\" width=\"759\" height=\"1038\" data-id=\"204\" src=\"http:\/\/www.nasdecin.cz\/wp-content\/uploads\/2022\/07\/IMG_1403m.jpg\" alt=\"\" class=\"wp-image-204\" srcset=\"https:\/\/www.nasdecin.cz\/wp-content\/uploads\/2022\/07\/IMG_1403m.jpg 759w, https:\/\/www.nasdecin.cz\/wp-content\/uploads\/2022\/07\/IMG_1403m-219x300.jpg 219w, https:\/\/www.nasdecin.cz\/wp-content\/uploads\/2022\/07\/IMG_1403m-749x1024.jpg 749w\" sizes=\"auto, (max-width: 706px) 89vw, (max-width: 767px) 82vw, 740px\" \/><\/a><figcaption>Rostislav Sob\u00ed\u0161ek<\/figcaption><\/figure>\n\n\n\n<figure class=\"wp-block-image size-large\"><img loading=\"lazy\" decoding=\"async\" width=\"705\" height=\"1000\" data-id=\"279\" src=\"http:\/\/www.nasdecin.cz\/wp-content\/uploads\/2022\/09\/m-IMG_6219.jpg\" alt=\"\" class=\"wp-image-279\" srcset=\"https:\/\/www.nasdecin.cz\/wp-content\/uploads\/2022\/09\/m-IMG_6219.jpg 705w, https:\/\/www.nasdecin.cz\/wp-content\/uploads\/2022\/09\/m-IMG_6219-212x300.jpg 212w\" sizes=\"auto, (max-width: 705px) 100vw, 705px\" \/><figcaption>Milan \u0160afa\u0159\u00edk<\/figcaption><\/figure>\n\n\n\n<figure class=\"wp-block-image size-large\"><a href=\"https:\/\/www.nasdecin.cz\/?page_id=306\"><img loading=\"lazy\" decoding=\"async\" width=\"691\" height=\"1000\" data-id=\"280\" src=\"http:\/\/www.nasdecin.cz\/wp-content\/uploads\/2022\/09\/m-IMG_6232.jpg\" alt=\"\" class=\"wp-image-280\" srcset=\"https:\/\/www.nasdecin.cz\/wp-content\/uploads\/2022\/09\/m-IMG_6232.jpg 691w, https:\/\/www.nasdecin.cz\/wp-content\/uploads\/2022\/09\/m-IMG_6232-207x300.jpg 207w\" sizes=\"auto, (max-width: 691px) 100vw, 691px\" \/><\/a><figcaption>Marek Jabor<\/figcaption><\/figure>\n\n\n\n<figure class=\"wp-block-image size-large\"><a href=\"https:\/\/www.nasdecin.cz\/?page_id=298\"><img loading=\"lazy\" decoding=\"async\" width=\"682\" height=\"1000\" data-id=\"281\" src=\"http:\/\/www.nasdecin.cz\/wp-content\/uploads\/2022\/09\/m-IMG_6234.jpg\" alt=\"\" class=\"wp-image-281\" srcset=\"https:\/\/www.nasdecin.cz\/wp-content\/uploads\/2022\/09\/m-IMG_6234.jpg 682w, https:\/\/www.nasdecin.cz\/wp-content\/uploads\/2022\/09\/m-IMG_6234-205x300.jpg 205w\" sizes=\"auto, (max-width: 682px) 100vw, 682px\" \/><\/a><figcaption>Ji\u0159\u00ed Zeisek<\/figcaption><\/figure>\n\n\n\n<figure class=\"wp-block-image size-large\"><img loading=\"lazy\" decoding=\"async\" width=\"702\" height=\"1000\" data-id=\"282\" src=\"http:\/\/www.nasdecin.cz\/wp-content\/uploads\/2022\/09\/m-IMG_6253.jpg\" alt=\"\" class=\"wp-image-282\" srcset=\"https:\/\/www.nasdecin.cz\/wp-content\/uploads\/2022\/09\/m-IMG_6253.jpg 702w, https:\/\/www.nasdecin.cz\/wp-content\/uploads\/2022\/09\/m-IMG_6253-211x300.jpg 211w\" sizes=\"auto, (max-width: 702px) 100vw, 702px\" \/><figcaption>Jakub Drnec<\/figcaption><\/figure>\n\n\n\n<figure class=\"wp-block-image size-large\"><img loading=\"lazy\" decoding=\"async\" width=\"689\" height=\"1000\" data-id=\"283\" src=\"http:\/\/www.nasdecin.cz\/wp-content\/uploads\/2022\/09\/m-IMG_6262.jpg\" alt=\"\" class=\"wp-image-283\" srcset=\"https:\/\/www.nasdecin.cz\/wp-content\/uploads\/2022\/09\/m-IMG_6262.jpg 689w, https:\/\/www.nasdecin.cz\/wp-content\/uploads\/2022\/09\/m-IMG_6262-207x300.jpg 207w\" sizes=\"auto, (max-width: 689px) 100vw, 689px\" \/><figcaption>Vladislav Kosejk<\/figcaption><\/figure>\n\n\n\n<figure class=\"wp-block-image size-large\"><img loading=\"lazy\" decoding=\"async\" width=\"710\" height=\"1000\" data-id=\"284\" src=\"http:\/\/www.nasdecin.cz\/wp-content\/uploads\/2022\/09\/m-IMG_6280.jpg\" alt=\"\" class=\"wp-image-284\" srcset=\"https:\/\/www.nasdecin.cz\/wp-content\/uploads\/2022\/09\/m-IMG_6280.jpg 710w, https:\/\/www.nasdecin.cz\/wp-content\/uploads\/2022\/09\/m-IMG_6280-213x300.jpg 213w\" sizes=\"auto, (max-width: 710px) 100vw, 710px\" \/><figcaption>Tom\u00e1\u0161 Melen<\/figcaption><\/figure>\n\n\n\n<figure class=\"wp-block-image size-large\"><img loading=\"lazy\" decoding=\"async\" width=\"695\" height=\"1000\" data-id=\"285\" src=\"http:\/\/www.nasdecin.cz\/wp-content\/uploads\/2022\/09\/m-IMG_6301.jpg\" alt=\"\" class=\"wp-image-285\" srcset=\"https:\/\/www.nasdecin.cz\/wp-content\/uploads\/2022\/09\/m-IMG_6301.jpg 695w, https:\/\/www.nasdecin.cz\/wp-content\/uploads\/2022\/09\/m-IMG_6301-209x300.jpg 209w\" sizes=\"auto, (max-width: 695px) 100vw, 695px\" \/><figcaption>Mark\u00e9ta Lakom\u00e1<\/figcaption><\/figure>\n\n\n\n<figure class=\"wp-block-image size-large\"><img loading=\"lazy\" decoding=\"async\" width=\"728\" height=\"1000\" data-id=\"286\" src=\"http:\/\/www.nasdecin.cz\/wp-content\/uploads\/2022\/09\/m-IMG_6316.jpg\" alt=\"\" class=\"wp-image-286\" srcset=\"https:\/\/www.nasdecin.cz\/wp-content\/uploads\/2022\/09\/m-IMG_6316.jpg 728w, https:\/\/www.nasdecin.cz\/wp-content\/uploads\/2022\/09\/m-IMG_6316-218x300.jpg 218w\" sizes=\"auto, (max-width: 728px) 100vw, 728px\" \/><figcaption>\u0160\u00e1rka Mi\u0161kovsk\u00e1<\/figcaption><\/figure>\n\n\n\n<figure class=\"wp-block-image size-large\"><img loading=\"lazy\" decoding=\"async\" width=\"676\" height=\"1000\" data-id=\"287\" src=\"http:\/\/www.nasdecin.cz\/wp-content\/uploads\/2022\/09\/m-IMG_6324.jpg\" alt=\"\" class=\"wp-image-287\" srcset=\"https:\/\/www.nasdecin.cz\/wp-content\/uploads\/2022\/09\/m-IMG_6324.jpg 676w, https:\/\/www.nasdecin.cz\/wp-content\/uploads\/2022\/09\/m-IMG_6324-203x300.jpg 203w\" sizes=\"auto, (max-width: 676px) 100vw, 676px\" \/><figcaption>Miroslav Soukup<\/figcaption><\/figure>\n\n\n\n<figure class=\"wp-block-image size-large\"><img loading=\"lazy\" decoding=\"async\" width=\"667\" height=\"1000\" data-id=\"288\" src=\"http:\/\/www.nasdecin.cz\/wp-content\/uploads\/2022\/09\/m-IMG_6333.jpg\" alt=\"\" class=\"wp-image-288\" srcset=\"https:\/\/www.nasdecin.cz\/wp-content\/uploads\/2022\/09\/m-IMG_6333.jpg 667w, https:\/\/www.nasdecin.cz\/wp-content\/uploads\/2022\/09\/m-IMG_6333-200x300.jpg 200w\" sizes=\"auto, (max-width: 667px) 100vw, 667px\" \/><figcaption>Jan Mare\u0161<\/figcaption><\/figure>\n<\/figure>\n\n\n\n<ol class=\"wp-block-list\"><li>Ing. Ond\u0159ej Sm\u00ed\u0161ek &#8211; vedouc\u00ed d\u011b\u010d\u00ednsk\u00e9ho pracovi\u0161t\u011b Fakulty dopravn\u00ed \u010cVUT v Praze<\/li><li>PhDr. Sofie Wernerov\u00e1 Dimitrovov\u00e1 &#8211; \u0159editelka d\u011btsk\u00e9ho domova<\/li><li>Jakub Hou\u0161ka &#8211; tren\u00e9r ml\u00e1de\u017ee, marketing<\/li><li>Mgr. Roman Stru\u017einsk\u00fd &#8211; \u0159editel speci\u00e1ln\u00ed z\u00e1kladn\u00ed \u0161koly<\/li><li>Petr Toncar, DiS. &#8211; fyzioterapeut, jednatel spole\u010dnosti<\/li><li>Martin \u0160otka &#8211; majitel a jednatel spole\u010dnost Shotty s.r.o.<\/li><li>Ing. Miroslava Posko\u010dilov\u00e1 &#8211; \u0159editelka z\u00e1mku<\/li><li>Mgr. Vlastislav Hlav\u00e1\u010d &#8211; \u0159editel kontaktn\u00edho pracovi\u0161t\u011b \u00da\u0159adu pr\u00e1ce \u010cR v D\u011b\u010d\u00edn\u011b<\/li><li>Ing. Jan \u0160vihnos &#8211; technik specialista<\/li><li>Mgr. Ond\u0159ej Mich\u00e1lek &#8211; z\u00e1stupce \u0159editelky Z\u0160<\/li><li>Rastislav Sob\u00ed\u0161ek &#8211; ter\u00e9nn\u00ed pracovn\u00edk d\u011b\u010d\u00ednsk\u00e9ho K centra<\/li><li>Marek Jabor &#8211; obchodn\u00ed mana\u017eer<\/li><li>Miroslav Soukup &#8211; OSV\u010c<\/li><li>Mgr. Jan Mare\u0161 &#8211; st\u0159edo\u0161kolsk\u00fd u\u010ditel, tren\u00e9r plav\u00e1n\u00ed<\/li><li>Jitka Jiru\u0161ov\u00e1 &#8211; fyzioterapeutka<\/li><li>Mark\u00e9ta Lakom\u00e1 &#8211; vedouc\u00ed pracovn\u00edk<\/li><li>Tom\u00e1\u0161 Melen &#8211; podnikatel<\/li><li>Ing. Ji\u0159\u00ed Zeisek &#8211; projektov\u00fd mana\u017eer<\/li><li>Jakub Drnec &#8211; obchodn\u011b-technick\u00fd z\u00e1stupce<\/li><li>Ing. \u0160\u00e1rka Mi\u0161kovsk\u00e1 &#8211; finan\u010dn\u00ed \u0159editelka, zakladatelka soukrom\u00e9 \u0161koly<\/li><li>Rudolf \u0160pa\u010dek &#8211; z\u00e1stupce \u0159editele pro odborn\u00fd vycvik<\/li><li>MUDr. Milan \u0160afa\u0159\u00edk &#8211; l\u00e9ka\u0159<\/li><li>Ing. Vladislav Kosejk &#8211; vedouc\u00ed laborato\u0159e<\/li><li>Kl\u00e1ra Plach\u00e1 &#8211; asistentka \u0159editele<\/li><li>Ing, Martin Sch\u00e1no &#8211; akademick\u00fd pracovn\u00edk<\/li><li>Bc. Jaroslav Van\u011bk &#8211; V\u0160 student<\/li><li>Martin Pe\u0161ek &#8211; vedouc\u00ed v\u00fdroby<\/li><\/ol>\n","protected":false},"excerpt":{"rendered":"<p>Ing. Ond\u0159ej Sm\u00ed\u0161ek &#8211; vedouc\u00ed d\u011b\u010d\u00ednsk\u00e9ho pracovi\u0161t\u011b Fakulty dopravn\u00ed \u010cVUT v Praze PhDr. Sofie Wernerov\u00e1 Dimitrovov\u00e1 &#8211; \u0159editelka d\u011btsk\u00e9ho domova Jakub Hou\u0161ka &#8211; tren\u00e9r ml\u00e1de\u017ee, marketing Mgr. Roman Stru\u017einsk\u00fd &#8211; \u0159editel speci\u00e1ln\u00ed z\u00e1kladn\u00ed \u0161koly Petr Toncar, DiS. &#8211; fyzioterapeut, jednatel spole\u010dnosti Martin \u0160otka &#8211; majitel a jednatel spole\u010dnost Shotty s.r.o. Ing. Miroslava Posko\u010dilov\u00e1 &#8211; \u0159editelka &hellip; <\/p>\n<p class=\"link-more\"><a href=\"https:\/\/www.nasdecin.cz\/?page_id=70\" class=\"more-link\">Pokra\u010dovat ve \u010dten\u00ed<span class=\"screen-reader-text\"> &#8222;Kandid\u00e1ti&#8220;<\/span><\/a><\/p>\n","protected":false},"author":1,"featured_media":0,"parent":0,"menu_order":0,"comment_status":"closed","ping_status":"closed","template":"","meta":{"_bbp_topic_count":0,"_bbp_reply_count":0,"_bbp_total_topic_count":0,"_bbp_total_reply_count":0,"_bbp_voice_count":0,"_bbp_anonymous_reply_count":0,"_bbp_topic_count_hidden":0,"_bbp_reply_count_hidden":0,"_bbp_forum_subforum_count":0,"footnotes":""},"class_list":["post-70","page","type-page","status-publish","hentry"],"_links":{"self":[{"href":"https:\/\/www.nasdecin.cz\/index.php?rest_route=\/wp\/v2\/pages\/70","targetHints":{"allow":["GET"]}}],"collection":[{"href":"https:\/\/www.nasdecin.cz\/index.php?rest_route=\/wp\/v2\/pages"}],"about":[{"href":"https:\/\/www.nasdecin.cz\/index.php?rest_route=\/wp\/v2\/types\/page"}],"author":[{"embeddable":true,"href":"https:\/\/www.nasdecin.cz\/index.php?rest_route=\/wp\/v2\/users\/1"}],"replies":[{"embeddable":true,"href":"https:\/\/www.nasdecin.cz\/index.php?rest_route=%2Fwp%2Fv2%2Fcomments&post=70"}],"version-history":[{"count":17,"href":"https:\/\/www.nasdecin.cz\/index.php?rest_route=\/wp\/v2\/pages\/70\/revisions"}],"predecessor-version":[{"id":309,"href":"https:\/\/www.nasdecin.cz\/index.php?rest_route=\/wp\/v2\/pages\/70\/revisions\/309"}],"wp:attachment":[{"href":"https:\/\/www.nasdecin.cz\/index.php?rest_route=%2Fwp%2Fv2%2Fmedia&parent=70"}],"curies":[{"name":"wp","href":"https:\/\/api.w.org\/{rel}","templated":true}]}}