{"id":565,"date":"2026-05-05T12:47:25","date_gmt":"2026-05-05T12:47:25","guid":{"rendered":"https:\/\/www.nasdecin.cz\/?page_id=565"},"modified":"2026-05-05T12:47:25","modified_gmt":"2026-05-05T12:47:25","slug":"lavka-pro-cyklisty-a-pesi-otevrela-nove-moznosti","status":"publish","type":"page","link":"https:\/\/www.nasdecin.cz\/?page_id=565","title":{"rendered":"L\u00e1vka pro cyklisty a p\u011b\u0161\u00ed otev\u0159ela nov\u00e9 mo\u017enosti"},"content":{"rendered":"\n<figure class=\"wp-block-gallery has-nested-images columns-default is-cropped wp-block-gallery-1 is-layout-flex wp-block-gallery-is-layout-flex\">\n<figure class=\"wp-block-image size-large\"><img loading=\"lazy\" decoding=\"async\" width=\"1024\" height=\"683\" data-id=\"572\" src=\"https:\/\/www.nasdecin.cz\/wp-content\/uploads\/2026\/05\/JRZ_6983-1024x683.jpg\" alt=\"\" class=\"wp-image-572\" srcset=\"https:\/\/www.nasdecin.cz\/wp-content\/uploads\/2026\/05\/JRZ_6983-1024x683.jpg 1024w, https:\/\/www.nasdecin.cz\/wp-content\/uploads\/2026\/05\/JRZ_6983-300x200.jpg 300w, https:\/\/www.nasdecin.cz\/wp-content\/uploads\/2026\/05\/JRZ_6983-768x512.jpg 768w, https:\/\/www.nasdecin.cz\/wp-content\/uploads\/2026\/05\/JRZ_6983-1536x1024.jpg 1536w, https:\/\/www.nasdecin.cz\/wp-content\/uploads\/2026\/05\/JRZ_6983-2048x1365.jpg 2048w\" sizes=\"auto, (max-width: 706px) 89vw, (max-width: 767px) 82vw, 740px\" \/><\/figure>\n\n\n\n<figure class=\"wp-block-image size-large\"><img loading=\"lazy\" decoding=\"async\" width=\"1024\" height=\"683\" data-id=\"571\" src=\"https:\/\/www.nasdecin.cz\/wp-content\/uploads\/2026\/05\/JRZ_6954-1-1024x683.jpg\" alt=\"\" class=\"wp-image-571\" srcset=\"https:\/\/www.nasdecin.cz\/wp-content\/uploads\/2026\/05\/JRZ_6954-1-1024x683.jpg 1024w, https:\/\/www.nasdecin.cz\/wp-content\/uploads\/2026\/05\/JRZ_6954-1-300x200.jpg 300w, https:\/\/www.nasdecin.cz\/wp-content\/uploads\/2026\/05\/JRZ_6954-1-768x512.jpg 768w, https:\/\/www.nasdecin.cz\/wp-content\/uploads\/2026\/05\/JRZ_6954-1-1536x1024.jpg 1536w, https:\/\/www.nasdecin.cz\/wp-content\/uploads\/2026\/05\/JRZ_6954-1-2048x1365.jpg 2048w\" sizes=\"auto, (max-width: 706px) 89vw, (max-width: 767px) 82vw, 740px\" \/><\/figure>\n\n\n\n<figure class=\"wp-block-image size-large\"><img loading=\"lazy\" decoding=\"async\" width=\"683\" height=\"1024\" data-id=\"573\" src=\"https:\/\/www.nasdecin.cz\/wp-content\/uploads\/2026\/05\/DSC00356-1-683x1024.jpg\" alt=\"\" class=\"wp-image-573\" srcset=\"https:\/\/www.nasdecin.cz\/wp-content\/uploads\/2026\/05\/DSC00356-1-683x1024.jpg 683w, https:\/\/www.nasdecin.cz\/wp-content\/uploads\/2026\/05\/DSC00356-1-200x300.jpg 200w, https:\/\/www.nasdecin.cz\/wp-content\/uploads\/2026\/05\/DSC00356-1-768x1152.jpg 768w, https:\/\/www.nasdecin.cz\/wp-content\/uploads\/2026\/05\/DSC00356-1-1024x1536.jpg 1024w, https:\/\/www.nasdecin.cz\/wp-content\/uploads\/2026\/05\/DSC00356-1-1365x2048.jpg 1365w, https:\/\/www.nasdecin.cz\/wp-content\/uploads\/2026\/05\/DSC00356-1-scaled.jpg 1707w\" sizes=\"auto, (max-width: 683px) 100vw, 683px\" \/><\/figure>\n<\/figure>\n\n\n\n<p><strong>Dlouho o\u010dek\u00e1van\u00e1 l\u00e1vka pro cyklisty a p\u011b\u0161\u00ed se kone\u010dn\u011b otev\u00edr\u00e1 ve\u0159ejnosti. Jej\u00ed v\u00fdrazn\u00e1 \u010derven\u00e1 barva a no\u010dn\u00ed osv\u011btlen\u00ed z n\u00ed d\u011bl\u00e1 dal\u0161\u00ed dominantu m\u011bsta.&nbsp;<\/strong><\/p>\n\n\n\n<p>L\u00e1vka v\u00fdrazn\u011b zlep\u0161\u00ed propojen\u00ed obou b\u0159eh\u016f a usnadn\u00ed pohyb p\u011b\u0161\u00edch i cyklist\u016f v centru m\u011bsta. Z\u00e1rove\u0148 nab\u00eddne bezpe\u010dn\u011bj\u0161\u00ed prost\u0159ed\u00ed a nov\u00e9 v\u00fdhledy na dominanty, jako je D\u011b\u010d\u00ednsk\u00fd z\u00e1mek nebo Past\u00fd\u0159sk\u00e1 st\u011bna. V procesu je tak\u00e9 p\u0159\u00edprava studie napojen\u00ed l\u00e1vky na Labskou stezku pod Labsk\u00fdm n\u00e1b\u0159e\u017e\u00edm. Dokon\u010dit zb\u00fdv\u00e1 je\u0161t\u011b v\u00fdsadba v okol\u00ed n\u00e1stupu na l\u00e1vku a instalace tlumi\u010de pro zv\u00fd\u0161en\u00ed komfortu p\u0159i zat\u00ed\u017een\u00ed.&nbsp;<\/p>\n\n\n\n<p>S my\u0161lenkou vybudovat l\u00e1vku pro cyklisty se za\u010dalo m\u011bsto zab\u00fdvat ji\u017e po povodn\u00edch v roce 2002. V roce 2014 byly p\u0159i rekonstrukci \u017eelezni\u010dn\u00edho mostu vybudov\u00e1ny kotv\u00edc\u00ed body pro budouc\u00ed konstrukci. T\u00fdm pra\u017esk\u00fdch architekt\u016f Alexandr Kota\u010dka, Luk\u00e1\u0161 Vr\u00e1bl\u00edk a Eva Pykov\u00e1 vyhr\u00e1l architektonickou sout\u011b\u017e v roce 2018. Samotn\u00e1 stavba l\u00e1vky za\u010dala a\u017e po z\u00edsk\u00e1n\u00ed dotace. Trvala v\u00edce jak rok a p\u0159inesla n\u011bkolik omezen\u00ed p\u0159i napojov\u00e1n\u00ed na sou\u010dasnou infrastrukturu.&nbsp;<\/p>\n\n\n\n<p>L\u00e1vka m\u016f\u017ee v budoucnu slou\u017eit jako v\u00fdborn\u00fd pomocn\u00edk t\u0159eba p\u0159i krizov\u00fdch situac\u00ed jako dal\u0161\u00ed cesta k p\u0159ekon\u00e1n\u00ed \u0159eky Labe.&nbsp;<\/p>\n\n\n\n<p>Celkov\u00e9 n\u00e1klady dosahuj\u00ed p\u0159ibli\u017en\u011b 108 milion\u016f korun bez DPH, z toho 43 milion\u016f pokryla dotace.<\/p>\n","protected":false},"excerpt":{"rendered":"<p>Dlouho o\u010dek\u00e1van\u00e1 l\u00e1vka pro cyklisty a p\u011b\u0161\u00ed se kone\u010dn\u011b otev\u00edr\u00e1 ve\u0159ejnosti. Jej\u00ed v\u00fdrazn\u00e1 \u010derven\u00e1 barva a no\u010dn\u00ed osv\u011btlen\u00ed z n\u00ed d\u011bl\u00e1 dal\u0161\u00ed dominantu m\u011bsta.&nbsp; L\u00e1vka v\u00fdrazn\u011b zlep\u0161\u00ed propojen\u00ed obou b\u0159eh\u016f a usnadn\u00ed pohyb p\u011b\u0161\u00edch i cyklist\u016f v centru m\u011bsta. Z\u00e1rove\u0148 nab\u00eddne bezpe\u010dn\u011bj\u0161\u00ed prost\u0159ed\u00ed a nov\u00e9 v\u00fdhledy na dominanty, jako je D\u011b\u010d\u00ednsk\u00fd z\u00e1mek nebo Past\u00fd\u0159sk\u00e1 st\u011bna. &hellip; <\/p>\n<p class=\"link-more\"><a href=\"https:\/\/www.nasdecin.cz\/?page_id=565\" class=\"more-link\">Pokra\u010dovat ve \u010dten\u00ed<span class=\"screen-reader-text\"> &#8222;L\u00e1vka pro cyklisty a p\u011b\u0161\u00ed otev\u0159ela nov\u00e9 mo\u017enosti&#8220;<\/span><\/a><\/p>\n","protected":false},"author":1,"featured_media":0,"parent":0,"menu_order":0,"comment_status":"closed","ping_status":"closed","template":"","meta":{"_bbp_topic_count":0,"_bbp_reply_count":0,"_bbp_total_topic_count":0,"_bbp_total_reply_count":0,"_bbp_voice_count":0,"_bbp_anonymous_reply_count":0,"_bbp_topic_count_hidden":0,"_bbp_reply_count_hidden":0,"_bbp_forum_subforum_count":0,"footnotes":""},"class_list":["post-565","page","type-page","status-publish","hentry"],"_links":{"self":[{"href":"https:\/\/www.nasdecin.cz\/index.php?rest_route=\/wp\/v2\/pages\/565","targetHints":{"allow":["GET"]}}],"collection":[{"href":"https:\/\/www.nasdecin.cz\/index.php?rest_route=\/wp\/v2\/pages"}],"about":[{"href":"https:\/\/www.nasdecin.cz\/index.php?rest_route=\/wp\/v2\/types\/page"}],"author":[{"embeddable":true,"href":"https:\/\/www.nasdecin.cz\/index.php?rest_route=\/wp\/v2\/users\/1"}],"replies":[{"embeddable":true,"href":"https:\/\/www.nasdecin.cz\/index.php?rest_route=%2Fwp%2Fv2%2Fcomments&post=565"}],"version-history":[{"count":1,"href":"https:\/\/www.nasdecin.cz\/index.php?rest_route=\/wp\/v2\/pages\/565\/revisions"}],"predecessor-version":[{"id":574,"href":"https:\/\/www.nasdecin.cz\/index.php?rest_route=\/wp\/v2\/pages\/565\/revisions\/574"}],"wp:attachment":[{"href":"https:\/\/www.nasdecin.cz\/index.php?rest_route=%2Fwp%2Fv2%2Fmedia&parent=565"}],"curies":[{"name":"wp","href":"https:\/\/api.w.org\/{rel}","templated":true}]}}