{"id":527,"date":"2026-04-27T13:12:37","date_gmt":"2026-04-27T13:12:37","guid":{"rendered":"https:\/\/www.nasdecin.cz\/?page_id=527"},"modified":"2026-04-27T14:36:56","modified_gmt":"2026-04-27T14:36:56","slug":"napiste-nam","status":"publish","type":"page","link":"https:\/\/www.nasdecin.cz\/?page_id=527","title":{"rendered":"Napi\u0161te n\u00e1m"},"content":{"rendered":"\n<figure class=\"wp-block-image size-large\"><img loading=\"lazy\" decoding=\"async\" width=\"1024\" height=\"378\" src=\"http:\/\/www.nasdecin.cz\/wp-content\/uploads\/2022\/03\/nas-decin-png-1024x378.png\" alt=\"\" class=\"wp-image-16\" srcset=\"https:\/\/www.nasdecin.cz\/wp-content\/uploads\/2022\/03\/nas-decin-png-1024x378.png 1024w, https:\/\/www.nasdecin.cz\/wp-content\/uploads\/2022\/03\/nas-decin-png-300x111.png 300w, https:\/\/www.nasdecin.cz\/wp-content\/uploads\/2022\/03\/nas-decin-png-768x283.png 768w, https:\/\/www.nasdecin.cz\/wp-content\/uploads\/2022\/03\/nas-decin-png.png 1500w\" sizes=\"auto, (max-width: 706px) 89vw, (max-width: 767px) 82vw, 740px\" \/><\/figure>\n\n\n\n<p>N\u00e1\u0161 D\u011b\u010d\u00edn nen\u00ed jen n\u00e1zev, ale v\u00fdzva pro ka\u017ed\u00e9ho z n\u00e1s!<br>Jak by m\u011bl N\u00e1\u0161 D\u011b\u010d\u00edn, kde se bude dob\u0159e \u017e\u00edt n\u00e1m i na\u0161im d\u011btem a vnou\u010dat\u016fm vypadat?<br>Co byste si p\u0159\u00e1li, \u010deho se boj\u00edte, co si mysl\u00edte, \u017ee n\u00e1s nejv\u00edc brzd\u00ed a v \u010dem se n\u00e1m da\u0159\u00ed a co se povedlo a m\u011bli bychom v tom pokra\u010dovat?<\/p>\n\n\n<style id=\"wpforms-css-vars-555-block-ea579c67-526b-4e96-aad7-43c8468bbcce\">\n\t\t\t\t#wpforms-555.wpforms-block-ea579c67-526b-4e96-aad7-43c8468bbcce {\n\t\t\t\t--wpforms-field-size-input-height: 43px;\n--wpforms-field-size-input-spacing: 15px;\n--wpforms-field-size-font-size: 16px;\n--wpforms-field-size-line-height: 19px;\n--wpforms-field-size-padding-h: 14px;\n--wpforms-field-size-checkbox-size: 16px;\n--wpforms-field-size-sublabel-spacing: 5px;\n--wpforms-field-size-icon-size: 1;\n--wpforms-label-size-font-size: 16px;\n--wpforms-label-size-line-height: 19px;\n--wpforms-label-size-sublabel-font-size: 14px;\n--wpforms-label-size-sublabel-line-height: 17px;\n--wpforms-button-size-font-size: 17px;\n--wpforms-button-size-height: 41px;\n--wpforms-button-size-padding-h: 15px;\n--wpforms-button-size-margin-top: 10px;\n\t\t\t}\n\t\t\t<\/style><div class=\"wpforms-container wpforms-container-full wpforms-block wpforms-block-ea579c67-526b-4e96-aad7-43c8468bbcce wpforms-render-modern\" id=\"wpforms-555\"><form id=\"wpforms-form-555\" class=\"wpforms-validate wpforms-form wpforms-ajax-form\" data-formid=\"555\" method=\"post\" enctype=\"multipart\/form-data\" action=\"\/index.php?rest_route=%2Fwp%2Fv2%2Fpages%2F527\" data-token=\"5341df55a4cf57762f79e66387d721e2\" data-token-time=\"1777380158\"><noscript class=\"wpforms-error-noscript\">Chcete-li vyplnit tento formul\u00e1\u0159, pros\u00edm povolte v prohl\u00ed\u017ee\u010di JavaScript.<\/noscript><div id=\"wpforms-error-noscript\" style=\"display: none;\">Chcete-li vyplnit tento formul\u00e1\u0159, pros\u00edm povolte v prohl\u00ed\u017ee\u010di JavaScript.<\/div><div class=\"wpforms-field-container\"><div id=\"wpforms-555-field_1-container\" class=\"wpforms-field wpforms-field-name\" data-field-id=\"1\"><fieldset><legend class=\"wpforms-field-label\">Jm\u00e9no<\/legend><div class=\"wpforms-field-row wpforms-field-medium\"><div class=\"wpforms-field-row-block wpforms-first wpforms-one-half\"><input type=\"text\" id=\"wpforms-555-field_1\" class=\"wpforms-field-name-first\" name=\"wpforms[fields][1][first]\" aria-errormessage=\"wpforms-555-field_1-error\" ><label for=\"wpforms-555-field_1\" class=\"wpforms-field-sublabel after\">K\u0159estn\u00ed jm\u00e9no<\/label><\/div><div class=\"wpforms-field-row-block wpforms-one-half\"><input type=\"text\" id=\"wpforms-555-field_1-last\" class=\"wpforms-field-name-last\" name=\"wpforms[fields][1][last]\" aria-errormessage=\"wpforms-555-field_1-last-error\" ><label for=\"wpforms-555-field_1-last\" class=\"wpforms-field-sublabel after\">P\u0159\u00edjmen\u00ed<\/label><\/div><\/div><\/fieldset><\/div><div id=\"wpforms-555-field_2-container\" class=\"wpforms-field wpforms-field-email\" data-field-id=\"2\"><label class=\"wpforms-field-label\" for=\"wpforms-555-field_2\">E-mail<\/label><input type=\"email\" id=\"wpforms-555-field_2\" class=\"wpforms-field-medium\" name=\"wpforms[fields][2]\" spellcheck=\"false\" aria-errormessage=\"wpforms-555-field_2-error\" ><\/div>\t\t<div id=\"wpforms-555-field_4-container\"\n\t\t\tclass=\"wpforms-field wpforms-field-text\"\n\t\t\tdata-field-type=\"text\"\n\t\t\tdata-field-id=\"4\"\n\t\t\t>\n\t\t\t<label class=\"wpforms-field-label\" for=\"wpforms-555-field_4\" >zpr\u00e1va Koment\u00e1\u0159 E-mail<\/label>\n\t\t\t<input type=\"text\" id=\"wpforms-555-field_4\" class=\"wpforms-field-medium\" name=\"wpforms[fields][4]\" >\n\t\t<\/div>\n\t\t<div id=\"wpforms-555-field_3-container\" class=\"wpforms-field wpforms-field-textarea\" data-field-id=\"3\"><label class=\"wpforms-field-label\" for=\"wpforms-555-field_3\">Koment\u00e1\u0159 nebo zpr\u00e1va<\/label><textarea id=\"wpforms-555-field_3\" class=\"wpforms-field-medium\" name=\"wpforms[fields][3]\" aria-errormessage=\"wpforms-555-field_3-error\" ><\/textarea><\/div><script>\n\t\t\t\t( function() {\n\t\t\t\t\tconst style = document.createElement( 'style' );\n\t\t\t\t\tstyle.appendChild( document.createTextNode( '#wpforms-555-field_4-container { position: absolute !important; overflow: hidden !important; display: inline !important; height: 1px !important; width: 1px !important; z-index: -1000 !important; padding: 0 !important; } #wpforms-555-field_4-container input { visibility: hidden; } #wpforms-conversational-form-page #wpforms-555-field_4-container label { counter-increment: none; }' ) );\n\t\t\t\t\tdocument.head.appendChild( style );\n\t\t\t\t\tdocument.currentScript?.remove();\n\t\t\t\t} )();\n\t\t\t<\/script><\/div><!-- .wpforms-field-container --><div class=\"wpforms-submit-container\" ><input type=\"hidden\" name=\"wpforms[id]\" value=\"555\"><input type=\"hidden\" name=\"page_title\" value=\"\"><input type=\"hidden\" name=\"page_url\" value=\"https:\/\/www.nasdecin.cz\/index.php?rest_route=\/wp\/v2\/pages\/527\"><input type=\"hidden\" name=\"url_referer\" value=\"\"><button type=\"submit\" name=\"wpforms[submit]\" id=\"wpforms-submit-555\" class=\"wpforms-submit\" data-alt-text=\"Odes\u00edl\u00e1ni...\" data-submit-text=\"Odeslat\" aria-live=\"assertive\" value=\"wpforms-submit\">Odeslat<\/button><img loading=\"lazy\" decoding=\"async\" src=\"https:\/\/www.nasdecin.cz\/wp-content\/plugins\/wpforms-lite\/assets\/images\/submit-spin.svg\" class=\"wpforms-submit-spinner\" style=\"display: none;\" width=\"26\" height=\"26\" alt=\"Na\u010d\u00edt\u00e1n\u00ed\"><\/div><\/form><\/div>  <!-- .wpforms-container -->","protected":false},"excerpt":{"rendered":"<p>N\u00e1\u0161 D\u011b\u010d\u00edn nen\u00ed jen n\u00e1zev, ale v\u00fdzva pro ka\u017ed\u00e9ho z n\u00e1s!Jak by m\u011bl N\u00e1\u0161 D\u011b\u010d\u00edn, kde se bude dob\u0159e \u017e\u00edt n\u00e1m i na\u0161im d\u011btem a vnou\u010dat\u016fm vypadat?Co byste si p\u0159\u00e1li, \u010deho se boj\u00edte, co si mysl\u00edte, \u017ee n\u00e1s nejv\u00edc brzd\u00ed a v \u010dem se n\u00e1m da\u0159\u00ed a co se povedlo a m\u011bli bychom v tom &hellip; <\/p>\n<p class=\"link-more\"><a href=\"https:\/\/www.nasdecin.cz\/?page_id=527\" class=\"more-link\">Pokra\u010dovat ve \u010dten\u00ed<span class=\"screen-reader-text\"> &#8222;Napi\u0161te n\u00e1m&#8220;<\/span><\/a><\/p>\n","protected":false},"author":1,"featured_media":0,"parent":0,"menu_order":0,"comment_status":"closed","ping_status":"closed","template":"","meta":{"_bbp_topic_count":0,"_bbp_reply_count":0,"_bbp_total_topic_count":0,"_bbp_total_reply_count":0,"_bbp_voice_count":0,"_bbp_anonymous_reply_count":0,"_bbp_topic_count_hidden":0,"_bbp_reply_count_hidden":0,"_bbp_forum_subforum_count":0,"footnotes":""},"class_list":["post-527","page","type-page","status-publish","hentry"],"_links":{"self":[{"href":"https:\/\/www.nasdecin.cz\/index.php?rest_route=\/wp\/v2\/pages\/527","targetHints":{"allow":["GET"]}}],"collection":[{"href":"https:\/\/www.nasdecin.cz\/index.php?rest_route=\/wp\/v2\/pages"}],"about":[{"href":"https:\/\/www.nasdecin.cz\/index.php?rest_route=\/wp\/v2\/types\/page"}],"author":[{"embeddable":true,"href":"https:\/\/www.nasdecin.cz\/index.php?rest_route=\/wp\/v2\/users\/1"}],"replies":[{"embeddable":true,"href":"https:\/\/www.nasdecin.cz\/index.php?rest_route=%2Fwp%2Fv2%2Fcomments&post=527"}],"version-history":[{"count":7,"href":"https:\/\/www.nasdecin.cz\/index.php?rest_route=\/wp\/v2\/pages\/527\/revisions"}],"predecessor-version":[{"id":561,"href":"https:\/\/www.nasdecin.cz\/index.php?rest_route=\/wp\/v2\/pages\/527\/revisions\/561"}],"wp:attachment":[{"href":"https:\/\/www.nasdecin.cz\/index.php?rest_route=%2Fwp%2Fv2%2Fmedia&parent=527"}],"curies":[{"name":"wp","href":"https:\/\/api.w.org\/{rel}","templated":true}]}}