{"id":52,"date":"2022-06-26T07:42:18","date_gmt":"2022-06-26T07:42:18","guid":{"rendered":"https:\/\/www.nasdecin.cz\/?page_id=52"},"modified":"2026-04-17T16:15:45","modified_gmt":"2026-04-17T16:15:45","slug":"o-nas","status":"publish","type":"page","link":"https:\/\/www.nasdecin.cz\/?page_id=52","title":{"rendered":"O N\u00c1S"},"content":{"rendered":"\n<p>Jsme skupina aktivn\u00edch lid\u00ed z D\u011b\u010d\u00edna. <strong>N\u00e1\u0161 D\u011b\u010d\u00edn<\/strong> si p\u0159edstavujeme jako m\u011bsto, kde se dob\u0159e \u017eije. Chceme hledat racion\u00e1ln\u00ed \u0159e\u0161en\u00ed probl\u00e9m\u016f, kter\u00e1 by na\u0161e m\u011bsto posunula dop\u0159edu.<\/p>\n\n\n\n<p>Neboj\u00edme se j\u00edt proti stranick\u00fdm sekretari\u00e1t\u016fm a stav\u00edme na znalosti m\u011bsta a jeho obyvatel. Nechceme jen \u201ebojovat proti n\u011bkomu\u201c, je pot\u0159eba p\u0159ij\u00edt s n\u00e1vrhy, kter\u00e9 d\u00e1vaj\u00ed smysl.<\/p>\n\n\n\n<p>Za posledn\u00ed t\u0159i roky jsme dok\u00e1zali zv\u00fd\u0161it objem investic do infrastruktury m\u011bsta, pracujeme na zlep\u0161en\u00ed parkov\u00e1n\u00ed a podporujeme aktivn\u00ed lidi v D\u011b\u010d\u00edn\u011b \u2013 sport, kulturu i p\u00e9\u010di o seniory. Modernizujeme \u00fa\u0159ad a zveme investory.<\/p>\n\n\n\n<p><strong>N\u00e1\u0161 D\u011b\u010d\u00edn<\/strong> mus\u00ed b\u00fdt atraktivn\u00edm m\u00edstem pro obyvatele, jejich rodiny, podnikatele i n\u00e1v\u0161t\u011bvn\u00edky. Chceme m\u011bsto pro v\u0161echny generace.<\/p>\n\n\n\n<p><\/p>\n","protected":false},"excerpt":{"rendered":"<p>Jsme skupina aktivn\u00edch lid\u00ed z D\u011b\u010d\u00edna. N\u00e1\u0161 D\u011b\u010d\u00edn si p\u0159edstavujeme jako m\u011bsto, kde se dob\u0159e \u017eije. Chceme hledat racion\u00e1ln\u00ed \u0159e\u0161en\u00ed probl\u00e9m\u016f, kter\u00e1 by na\u0161e m\u011bsto posunula dop\u0159edu. Neboj\u00edme se j\u00edt proti stranick\u00fdm sekretari\u00e1t\u016fm a stav\u00edme na znalosti m\u011bsta a jeho obyvatel. Nechceme jen \u201ebojovat proti n\u011bkomu\u201c, je pot\u0159eba p\u0159ij\u00edt s n\u00e1vrhy, kter\u00e9 d\u00e1vaj\u00ed smysl. Za &hellip; <\/p>\n<p class=\"link-more\"><a href=\"https:\/\/www.nasdecin.cz\/?page_id=52\" class=\"more-link\">Pokra\u010dovat ve \u010dten\u00ed<span class=\"screen-reader-text\"> &#8222;O N\u00c1S&#8220;<\/span><\/a><\/p>\n","protected":false},"author":1,"featured_media":0,"parent":0,"menu_order":0,"comment_status":"closed","ping_status":"closed","template":"","meta":{"footnotes":""},"class_list":["post-52","page","type-page","status-publish","hentry"],"_links":{"self":[{"href":"https:\/\/www.nasdecin.cz\/index.php?rest_route=\/wp\/v2\/pages\/52","targetHints":{"allow":["GET"]}}],"collection":[{"href":"https:\/\/www.nasdecin.cz\/index.php?rest_route=\/wp\/v2\/pages"}],"about":[{"href":"https:\/\/www.nasdecin.cz\/index.php?rest_route=\/wp\/v2\/types\/page"}],"author":[{"embeddable":true,"href":"https:\/\/www.nasdecin.cz\/index.php?rest_route=\/wp\/v2\/users\/1"}],"replies":[{"embeddable":true,"href":"https:\/\/www.nasdecin.cz\/index.php?rest_route=%2Fwp%2Fv2%2Fcomments&post=52"}],"version-history":[{"count":2,"href":"https:\/\/www.nasdecin.cz\/index.php?rest_route=\/wp\/v2\/pages\/52\/revisions"}],"predecessor-version":[{"id":515,"href":"https:\/\/www.nasdecin.cz\/index.php?rest_route=\/wp\/v2\/pages\/52\/revisions\/515"}],"wp:attachment":[{"href":"https:\/\/www.nasdecin.cz\/index.php?rest_route=%2Fwp%2Fv2%2Fmedia&parent=52"}],"curies":[{"name":"wp","href":"https:\/\/api.w.org\/{rel}","templated":true}]}}