{"id":500,"date":"2026-04-13T11:38:28","date_gmt":"2026-04-13T11:38:28","guid":{"rendered":"https:\/\/www.nasdecin.cz\/?page_id=500"},"modified":"2026-04-13T11:38:28","modified_gmt":"2026-04-13T11:38:28","slug":"skolka-v-bele-po-rekonstrukci-moderni-usporna-a-s-vetsi-kapacitou","status":"publish","type":"page","link":"https:\/\/www.nasdecin.cz\/?page_id=500","title":{"rendered":"\u0160kolka v B\u011bl\u00e9 po rekonstrukci: modern\u00ed, \u00fasporn\u00e1 a s v\u011bt\u0161\u00ed kapacitou"},"content":{"rendered":"\n<figure class=\"wp-block-gallery has-nested-images columns-default is-cropped wp-block-gallery-1 is-layout-flex wp-block-gallery-is-layout-flex\">\n<figure class=\"wp-block-image size-large\"><img loading=\"lazy\" decoding=\"async\" width=\"1024\" height=\"683\" data-id=\"505\" src=\"https:\/\/www.nasdecin.cz\/wp-content\/uploads\/2026\/04\/DSC08174-1024x683.jpg\" alt=\"\" class=\"wp-image-505\" srcset=\"https:\/\/www.nasdecin.cz\/wp-content\/uploads\/2026\/04\/DSC08174-1024x683.jpg 1024w, https:\/\/www.nasdecin.cz\/wp-content\/uploads\/2026\/04\/DSC08174-300x200.jpg 300w, https:\/\/www.nasdecin.cz\/wp-content\/uploads\/2026\/04\/DSC08174-768x512.jpg 768w, https:\/\/www.nasdecin.cz\/wp-content\/uploads\/2026\/04\/DSC08174-1536x1024.jpg 1536w, https:\/\/www.nasdecin.cz\/wp-content\/uploads\/2026\/04\/DSC08174-2048x1365.jpg 2048w\" sizes=\"auto, (max-width: 706px) 89vw, (max-width: 767px) 82vw, 740px\" \/><\/figure>\n\n\n\n<figure class=\"wp-block-image size-large\"><img loading=\"lazy\" decoding=\"async\" width=\"1024\" height=\"605\" data-id=\"506\" src=\"https:\/\/www.nasdecin.cz\/wp-content\/uploads\/2026\/04\/DSC08161-1024x605.jpg\" alt=\"\" class=\"wp-image-506\" srcset=\"https:\/\/www.nasdecin.cz\/wp-content\/uploads\/2026\/04\/DSC08161-1024x605.jpg 1024w, https:\/\/www.nasdecin.cz\/wp-content\/uploads\/2026\/04\/DSC08161-300x177.jpg 300w, https:\/\/www.nasdecin.cz\/wp-content\/uploads\/2026\/04\/DSC08161-768x454.jpg 768w, https:\/\/www.nasdecin.cz\/wp-content\/uploads\/2026\/04\/DSC08161-1536x907.jpg 1536w, https:\/\/www.nasdecin.cz\/wp-content\/uploads\/2026\/04\/DSC08161-2048x1210.jpg 2048w\" sizes=\"auto, (max-width: 706px) 89vw, (max-width: 767px) 82vw, 740px\" \/><\/figure>\n\n\n\n<figure class=\"wp-block-image size-large\"><img loading=\"lazy\" decoding=\"async\" width=\"1024\" height=\"683\" data-id=\"507\" src=\"https:\/\/www.nasdecin.cz\/wp-content\/uploads\/2026\/04\/DSC08197-2-1024x683.jpg\" alt=\"\" class=\"wp-image-507\" srcset=\"https:\/\/www.nasdecin.cz\/wp-content\/uploads\/2026\/04\/DSC08197-2-1024x683.jpg 1024w, https:\/\/www.nasdecin.cz\/wp-content\/uploads\/2026\/04\/DSC08197-2-300x200.jpg 300w, https:\/\/www.nasdecin.cz\/wp-content\/uploads\/2026\/04\/DSC08197-2-768x512.jpg 768w, https:\/\/www.nasdecin.cz\/wp-content\/uploads\/2026\/04\/DSC08197-2-1536x1024.jpg 1536w, https:\/\/www.nasdecin.cz\/wp-content\/uploads\/2026\/04\/DSC08197-2-2048x1365.jpg 2048w\" sizes=\"auto, (max-width: 706px) 89vw, (max-width: 767px) 82vw, 740px\" \/><\/figure>\n<\/figure>\n\n\n\n<p><strong>Po roce a p\u016fl skon\u010dila rozs\u00e1hl\u00e1 rekonstrukce mate\u0159sk\u00e9 \u0161koly v B\u011bl\u00e9. Budova pro\u0161la kompletn\u00ed modernizac\u00ed v\u010detn\u011b zateplen\u00ed, nov\u00fdch rozvod\u016f i vyt\u00e1p\u011bn\u00ed, doplnily ji fotovoltaick\u00e9 panely a rekuperace. Nov\u00e1 p\u0159\u00edstavba roz\u0161\u00ed\u0159ila kapacitu a p\u0159inesla modern\u00ed z\u00e1zem\u00ed pro d\u011bti i person\u00e1l. M\u011bsto do projektu investovalo t\u00e9m\u011b\u0159 14,8 milionu korun a pokra\u010duje v dal\u0161\u00edch investic\u00edch do \u0161kolstv\u00ed.<\/strong><\/p>\n\n\n\n<p>Rekonstrukce mate\u0159sk\u00e9 \u0161koly v B\u011bl\u00e9 je po roce a p\u016fl u konce. Sou\u010d\u00e1st\u00ed modernizace bylo tak\u00e9 kompletn\u00ed zateplen\u00ed, v\u00fdm\u011bna oken, oprava st\u0159echy a podkrov\u00ed. K objektu p\u0159ibyla dv\u011b \u00fanikov\u00e1 schodi\u0161t\u011b a nov\u00e1 vodovodn\u00ed p\u0159\u00edpojka. Uvnit\u0159 objektu byly vym\u011bn\u011bny v\u0161echny hlavn\u00ed rozvody \u2013 elekt\u0159iny, vody, kanalizace i plynu \u2013 a tak\u00e9 do\u0161lo ke zm\u011bn\u011b zdroje vyt\u00e1p\u011bn\u00ed. Budova je nyn\u00ed vybavena fotovoltaick\u00fdmi panely a rekuperac\u00ed, kter\u00e1 zaji\u0161\u0165uje st\u00e1l\u00fd p\u0159\u00edsun \u010derstv\u00e9ho vzduchu a z\u00e1rove\u0148 pom\u00e1h\u00e1 sni\u017eovat energetick\u00e9 n\u00e1klady. Kuchyn\u011b je vybavena modern\u00ed vzduchotechnikou. Zcela nov\u00e1 je tak\u00e9 p\u0159\u00edstavba, kter\u00e1 roz\u0161\u00ed\u0159ila kapacitu \u0161kolky a umo\u017enila vznik dal\u0161\u00edch m\u00edstnost\u00ed \u2013 prostorn\u00e9 herny, modern\u00ed u\u010debny pro p\u0159ed\u0161koln\u00ed d\u011bti, \u0161aten a dal\u0161\u00edho z\u00e1zem\u00ed. Cel\u00fd objekt je bezbari\u00e9rov\u00fd a k dispozici je i velk\u00e1 zahrada, kterou \u00fapravy teprve \u010dekaj\u00ed. Rekonstrukce vy\u0161lo m\u011bsto na 14 809 209 korun. Do \u0161kolsk\u00fdch za\u0159\u00edzen\u00ed m\u011bsto investuje. Prob\u00edhaj\u00ed modernizace u\u010deben a investice do sni\u017eov\u00e1n\u00ed energetick\u00e9 n\u00e1ro\u010dnosti budov.&nbsp;<\/p>\n","protected":false},"excerpt":{"rendered":"<p>Po roce a p\u016fl skon\u010dila rozs\u00e1hl\u00e1 rekonstrukce mate\u0159sk\u00e9 \u0161koly v B\u011bl\u00e9. Budova pro\u0161la kompletn\u00ed modernizac\u00ed v\u010detn\u011b zateplen\u00ed, nov\u00fdch rozvod\u016f i vyt\u00e1p\u011bn\u00ed, doplnily ji fotovoltaick\u00e9 panely a rekuperace. Nov\u00e1 p\u0159\u00edstavba roz\u0161\u00ed\u0159ila kapacitu a p\u0159inesla modern\u00ed z\u00e1zem\u00ed pro d\u011bti i person\u00e1l. M\u011bsto do projektu investovalo t\u00e9m\u011b\u0159 14,8 milionu korun a pokra\u010duje v dal\u0161\u00edch investic\u00edch do \u0161kolstv\u00ed. Rekonstrukce &hellip; <\/p>\n<p class=\"link-more\"><a href=\"https:\/\/www.nasdecin.cz\/?page_id=500\" class=\"more-link\">Pokra\u010dovat ve \u010dten\u00ed<span class=\"screen-reader-text\"> &#8222;\u0160kolka v B\u011bl\u00e9 po rekonstrukci: modern\u00ed, \u00fasporn\u00e1 a s v\u011bt\u0161\u00ed kapacitou&#8220;<\/span><\/a><\/p>\n","protected":false},"author":1,"featured_media":0,"parent":0,"menu_order":0,"comment_status":"closed","ping_status":"closed","template":"","meta":{"footnotes":""},"class_list":["post-500","page","type-page","status-publish","hentry"],"_links":{"self":[{"href":"https:\/\/www.nasdecin.cz\/index.php?rest_route=\/wp\/v2\/pages\/500","targetHints":{"allow":["GET"]}}],"collection":[{"href":"https:\/\/www.nasdecin.cz\/index.php?rest_route=\/wp\/v2\/pages"}],"about":[{"href":"https:\/\/www.nasdecin.cz\/index.php?rest_route=\/wp\/v2\/types\/page"}],"author":[{"embeddable":true,"href":"https:\/\/www.nasdecin.cz\/index.php?rest_route=\/wp\/v2\/users\/1"}],"replies":[{"embeddable":true,"href":"https:\/\/www.nasdecin.cz\/index.php?rest_route=%2Fwp%2Fv2%2Fcomments&post=500"}],"version-history":[{"count":1,"href":"https:\/\/www.nasdecin.cz\/index.php?rest_route=\/wp\/v2\/pages\/500\/revisions"}],"predecessor-version":[{"id":508,"href":"https:\/\/www.nasdecin.cz\/index.php?rest_route=\/wp\/v2\/pages\/500\/revisions\/508"}],"wp:attachment":[{"href":"https:\/\/www.nasdecin.cz\/index.php?rest_route=%2Fwp%2Fv2%2Fmedia&parent=500"}],"curies":[{"name":"wp","href":"https:\/\/api.w.org\/{rel}","templated":true}]}}