{"id":487,"date":"2026-03-24T14:29:17","date_gmt":"2026-03-24T14:29:17","guid":{"rendered":"https:\/\/www.nasdecin.cz\/?page_id=487"},"modified":"2026-03-24T14:29:17","modified_gmt":"2026-03-24T14:29:17","slug":"rychleji-po-decine-do-ulic-vyjedou-ruzova-sdilena-kola","status":"publish","type":"page","link":"https:\/\/www.nasdecin.cz\/?page_id=487","title":{"rendered":"Rychleji po D\u011b\u010d\u00edn\u011b: do ulic vyjedou r\u016f\u017eov\u00e1 sd\u00edlen\u00e1 kola"},"content":{"rendered":"\n<figure class=\"wp-block-gallery has-nested-images columns-default is-cropped wp-block-gallery-1 is-layout-flex wp-block-gallery-is-layout-flex\">\n<figure class=\"wp-block-image size-large\"><img loading=\"lazy\" decoding=\"async\" width=\"1024\" height=\"683\" data-id=\"497\" src=\"https:\/\/www.nasdecin.cz\/wp-content\/uploads\/2026\/03\/DSC07495-2-1024x683.jpg\" alt=\"\" class=\"wp-image-497\" srcset=\"https:\/\/www.nasdecin.cz\/wp-content\/uploads\/2026\/03\/DSC07495-2-1024x683.jpg 1024w, https:\/\/www.nasdecin.cz\/wp-content\/uploads\/2026\/03\/DSC07495-2-300x200.jpg 300w, https:\/\/www.nasdecin.cz\/wp-content\/uploads\/2026\/03\/DSC07495-2-768x512.jpg 768w, https:\/\/www.nasdecin.cz\/wp-content\/uploads\/2026\/03\/DSC07495-2-1536x1024.jpg 1536w, https:\/\/www.nasdecin.cz\/wp-content\/uploads\/2026\/03\/DSC07495-2-2048x1365.jpg 2048w\" sizes=\"auto, (max-width: 706px) 89vw, (max-width: 767px) 82vw, 740px\" \/><\/figure>\n\n\n\n<figure class=\"wp-block-image size-large\"><img loading=\"lazy\" decoding=\"async\" width=\"1024\" height=\"683\" data-id=\"496\" src=\"https:\/\/www.nasdecin.cz\/wp-content\/uploads\/2026\/03\/DSC07464-1024x683.jpg\" alt=\"\" class=\"wp-image-496\" srcset=\"https:\/\/www.nasdecin.cz\/wp-content\/uploads\/2026\/03\/DSC07464-1024x683.jpg 1024w, https:\/\/www.nasdecin.cz\/wp-content\/uploads\/2026\/03\/DSC07464-300x200.jpg 300w, https:\/\/www.nasdecin.cz\/wp-content\/uploads\/2026\/03\/DSC07464-768x512.jpg 768w, https:\/\/www.nasdecin.cz\/wp-content\/uploads\/2026\/03\/DSC07464-1536x1024.jpg 1536w, https:\/\/www.nasdecin.cz\/wp-content\/uploads\/2026\/03\/DSC07464-2048x1365.jpg 2048w\" sizes=\"auto, (max-width: 706px) 89vw, (max-width: 767px) 82vw, 740px\" \/><\/figure>\n\n\n\n<figure class=\"wp-block-image size-large\"><img loading=\"lazy\" decoding=\"async\" width=\"1024\" height=\"683\" data-id=\"495\" src=\"https:\/\/www.nasdecin.cz\/wp-content\/uploads\/2026\/03\/DSC07507-2-1024x683.jpg\" alt=\"\" class=\"wp-image-495\" srcset=\"https:\/\/www.nasdecin.cz\/wp-content\/uploads\/2026\/03\/DSC07507-2-1024x683.jpg 1024w, https:\/\/www.nasdecin.cz\/wp-content\/uploads\/2026\/03\/DSC07507-2-300x200.jpg 300w, https:\/\/www.nasdecin.cz\/wp-content\/uploads\/2026\/03\/DSC07507-2-768x512.jpg 768w, https:\/\/www.nasdecin.cz\/wp-content\/uploads\/2026\/03\/DSC07507-2-1536x1024.jpg 1536w, https:\/\/www.nasdecin.cz\/wp-content\/uploads\/2026\/03\/DSC07507-2-2048x1365.jpg 2048w\" sizes=\"auto, (max-width: 706px) 89vw, (max-width: 767px) 82vw, 740px\" \/><\/figure>\n<\/figure>\n\n\n\n<p><strong>Doprava v D\u011b\u010d\u00edn\u011b z\u00edsk\u00e1 novou, modern\u00ed tv\u00e1\u0159. Od 1. kv\u011btna vyjede do ulic celkem 130 sd\u00edlen\u00fdch kol od spole\u010dnosti Rekola Bikesharing s.r.o. Flotila bude zahrnovat 110 klasick\u00fdch mechanick\u00fdch bicykl\u016f a 20 elektrokol, p\u0159i\u010dem\u017e prvn\u00edch 15 minut j\u00edzdy na mechanick\u00e9m kole bude pro u\u017eivatele d\u00edky podpo\u0159e m\u011bsta zcela zdarma.<\/strong><\/p>\n\n\n\n<p>Sd\u00edlen\u00e1 kola p\u0159in\u00e1\u0161ej\u00ed obyvatel\u016fm D\u011b\u010d\u00edna t\u0159i hlavn\u00ed benefity:&nbsp;<strong>rychlost<\/strong>&nbsp;p\u0159i pohybu v m\u011bstsk\u00e9m provozu,&nbsp;<strong>v\u00fdhodnou cenu<\/strong>&nbsp;d\u00edky dotovan\u00fdm minut\u00e1m a maxim\u00e1ln\u00ed&nbsp;<strong>dostupnost<\/strong>, kdy je kolo neust\u00e1le po ruce na frekventovan\u00fdch m\u00edstech. Typick\u00e1 r\u016f\u017eov\u00e1 kola budou v ulic\u00edch snadno rozpoznateln\u00e1 a m\u011bsto je nech\u00e1 rovnom\u011brn\u011b rozm\u00edstit na p\u0159ibli\u017en\u011b&nbsp;<strong>40 stanovi\u0161t\u00edch<\/strong>.<\/p>\n\n\n\n<p><strong>Co nov\u00e1 slu\u017eba p\u0159inese:<\/strong><\/p>\n\n\n\n<ul class=\"wp-block-list\">\n<li><strong>110 mechanick\u00fdch kol<\/strong>\u00a0se 7 p\u0159evody pro pohodlnou j\u00edzdu.<\/li>\n\n\n\n<li><strong>20 elektrokol<\/strong>\u00a0pro snadn\u011bj\u0161\u00ed zdol\u00e1v\u00e1n\u00ed d\u011b\u010d\u00ednsk\u00fdch kopc\u016f.<\/li>\n\n\n\n<li><strong>Prvn\u00edch 15 minut j\u00edzdy<\/strong>\u00a0na mechanick\u00e9m kole\u00a0<strong>zdarma<\/strong>\u00a0(hrad\u00ed m\u011bsto).<\/li>\n\n\n\n<li><strong>Zv\u00fdhodn\u011bnou cenu za elektrokola<\/strong>\u00a0ve v\u00fd\u0161i\u00a0<strong>1,50 K\u010d\/min<\/strong>\u00a0ji\u017e od prvn\u00ed minuty (zv\u00fdhodn\u011bn\u00e1 cena d\u00edky \u00fahrad\u011b v\u011bt\u0161iny n\u00e1klad\u016f m\u011bstem).<\/li>\n\n\n\n<li><strong>Syst\u00e9m chytr\u00fdch z\u00f3n:<\/strong>\u00a0Aby ulice z\u016fstaly pr\u016fchoz\u00ed a p\u0159ehledn\u00e9, bude syst\u00e9m fungovat na principu ur\u010den\u00fdch parkovac\u00edch m\u00edst. P\u0159esnou polohu ka\u017ed\u00e9ho stanovi\u0161t\u011b u\u017eivatel\u00e9 v\u017edy uvid\u00ed p\u0159\u00edmo ve sv\u00e9 mobiln\u00ed aplikaci. Odkl\u00e1d\u00e1n\u00ed kol mimo tyto vyhrazen\u00e9 prostory bude spole\u010dnost\u00ed sankcionov\u00e1no. Spole\u010dnost tak\u00e9 zajist\u00ed pr\u016fb\u011b\u017en\u00e9 rovnom\u011brn\u00e9 rozmis\u0165ov\u00e1n\u00ed kol po m\u011bst\u011b (ur\u010den\u00fdch stanovi\u0161t\u00edch).<\/li>\n<\/ul>\n\n\n\n<p><em>\u201eSmyslem sd\u00edlen\u00fdch kol je nab\u00eddnout lidem svobodu pohybu a rychlou cestu po m\u011bst\u011b, kter\u00e1 je pro kr\u00e1tk\u00e9 trasy na klasick\u00e9m mechanick\u00e9m kole bezplatn\u00e1. Bikesharing \u0161et\u0159\u00ed \u010das str\u00e1ven\u00fd v kolon\u00e1ch, usnad\u0148uje parkov\u00e1n\u00ed v centru a p\u0159irozen\u011b podporuje aktivn\u00ed \u017eivotn\u00ed styl na\u0161ich ob\u010dan\u016f,\u201c<\/em>&nbsp;uv\u00e1d\u00ed n\u00e1m\u011bstek prim\u00e1tora Ond\u0159ej Sm\u00ed\u0161ek.<\/p>\n\n\n\n<p><strong>Kv\u011bten ve znamen\u00ed cyklistiky: Nov\u00e1 l\u00e1vka i v\u00fdzva Do pr\u00e1ce na kole<\/strong><br>Spu\u0161t\u011bn\u00ed sd\u00edlen\u00fdch kol ide\u00e1ln\u011b dopl\u0148uje dal\u0161\u00ed kl\u00ed\u010dov\u00e9 projekty m\u011bsta. Na kv\u011bten se pl\u00e1nuje&nbsp;<strong>otev\u0159en\u00ed nov\u00e9 l\u00e1vky p\u0159es Labe<\/strong>, kter\u00e1 bezpe\u010dn\u011b spoj\u00ed oba b\u0159ehy a dv\u011b m\u011bstsk\u00e1 centra. Cyklist\u00e9 tak ji\u017e nebudou muset p\u0159i p\u0159ekon\u00e1v\u00e1n\u00ed \u0159eky sd\u00edlet silnici s&nbsp;automobily nebo chodn\u00edk s p\u011b\u0161\u00edmi. Z\u00e1rove\u0148 m\u011bsto na kv\u011bten op\u011bt chyst\u00e1 kampa\u0148&nbsp;<strong>Do pr\u00e1ce na kole<\/strong>, ke kter\u00e9 se d\u00edky nov\u00fdm sd\u00edlen\u00fdm kol\u016fm m\u016f\u017ee p\u0159ipojit i \u0161irok\u00e1 ve\u0159ejnost bez vlastn\u00edho bicyklu.<strong>Pilotn\u00ed rok rozhodne o budoucnosti<\/strong><br>Leto\u0161n\u00ed sez\u00f3na je koncipov\u00e1na jako&nbsp;<strong>pilotn\u00ed projekt<\/strong>. Po jej\u00edm ukon\u010den\u00ed na konci listopadu m\u011bsto podrobn\u011b&nbsp;<strong>vyhodnot\u00ed fungov\u00e1n\u00ed syst\u00e9mu<\/strong>, z\u00e1jem ve\u0159ejnosti i efektivitu provozu. Na z\u00e1klad\u011b t\u011bchto v\u00fdsledk\u016f pak bude rozhodnuto o p\u0159\u00edpadn\u00e9m dal\u0161\u00edm pokra\u010dov\u00e1n\u00ed slu\u017eby v budouc\u00edch letech.<\/p>\n","protected":false},"excerpt":{"rendered":"<p>Doprava v D\u011b\u010d\u00edn\u011b z\u00edsk\u00e1 novou, modern\u00ed tv\u00e1\u0159. Od 1. kv\u011btna vyjede do ulic celkem 130 sd\u00edlen\u00fdch kol od spole\u010dnosti Rekola Bikesharing s.r.o. Flotila bude zahrnovat 110 klasick\u00fdch mechanick\u00fdch bicykl\u016f a 20 elektrokol, p\u0159i\u010dem\u017e prvn\u00edch 15 minut j\u00edzdy na mechanick\u00e9m kole bude pro u\u017eivatele d\u00edky podpo\u0159e m\u011bsta zcela zdarma. Sd\u00edlen\u00e1 kola p\u0159in\u00e1\u0161ej\u00ed obyvatel\u016fm D\u011b\u010d\u00edna t\u0159i hlavn\u00ed &hellip; <\/p>\n<p class=\"link-more\"><a href=\"https:\/\/www.nasdecin.cz\/?page_id=487\" class=\"more-link\">Pokra\u010dovat ve \u010dten\u00ed<span class=\"screen-reader-text\"> &#8222;Rychleji po D\u011b\u010d\u00edn\u011b: do ulic vyjedou r\u016f\u017eov\u00e1 sd\u00edlen\u00e1 kola&#8220;<\/span><\/a><\/p>\n","protected":false},"author":1,"featured_media":0,"parent":0,"menu_order":0,"comment_status":"closed","ping_status":"closed","template":"","meta":{"footnotes":""},"class_list":["post-487","page","type-page","status-publish","hentry"],"_links":{"self":[{"href":"https:\/\/www.nasdecin.cz\/index.php?rest_route=\/wp\/v2\/pages\/487","targetHints":{"allow":["GET"]}}],"collection":[{"href":"https:\/\/www.nasdecin.cz\/index.php?rest_route=\/wp\/v2\/pages"}],"about":[{"href":"https:\/\/www.nasdecin.cz\/index.php?rest_route=\/wp\/v2\/types\/page"}],"author":[{"embeddable":true,"href":"https:\/\/www.nasdecin.cz\/index.php?rest_route=\/wp\/v2\/users\/1"}],"replies":[{"embeddable":true,"href":"https:\/\/www.nasdecin.cz\/index.php?rest_route=%2Fwp%2Fv2%2Fcomments&post=487"}],"version-history":[{"count":1,"href":"https:\/\/www.nasdecin.cz\/index.php?rest_route=\/wp\/v2\/pages\/487\/revisions"}],"predecessor-version":[{"id":498,"href":"https:\/\/www.nasdecin.cz\/index.php?rest_route=\/wp\/v2\/pages\/487\/revisions\/498"}],"wp:attachment":[{"href":"https:\/\/www.nasdecin.cz\/index.php?rest_route=%2Fwp%2Fv2%2Fmedia&parent=487"}],"curies":[{"name":"wp","href":"https:\/\/api.w.org\/{rel}","templated":true}]}}