{"id":473,"date":"2026-03-19T13:11:45","date_gmt":"2026-03-19T13:11:45","guid":{"rendered":"https:\/\/www.nasdecin.cz\/?page_id=473"},"modified":"2026-03-19T13:11:45","modified_gmt":"2026-03-19T13:11:45","slug":"prvni-jarni-den-otevre-ruzovou-zahradu","status":"publish","type":"page","link":"https:\/\/www.nasdecin.cz\/?page_id=473","title":{"rendered":"Prvn\u00ed jarn\u00ed den otev\u0159e R\u016f\u017eovou zahradu"},"content":{"rendered":"\n<figure class=\"wp-block-gallery has-nested-images columns-default is-cropped wp-block-gallery-1 is-layout-flex wp-block-gallery-is-layout-flex\">\n<figure class=\"wp-block-image size-large\"><img loading=\"lazy\" decoding=\"async\" width=\"576\" height=\"1024\" data-id=\"480\" src=\"https:\/\/www.nasdecin.cz\/wp-content\/uploads\/2026\/03\/WhatsApp-Image-2026-03-19-at-14.04.31-576x1024.jpeg\" alt=\"\" class=\"wp-image-480\" srcset=\"https:\/\/www.nasdecin.cz\/wp-content\/uploads\/2026\/03\/WhatsApp-Image-2026-03-19-at-14.04.31-576x1024.jpeg 576w, https:\/\/www.nasdecin.cz\/wp-content\/uploads\/2026\/03\/WhatsApp-Image-2026-03-19-at-14.04.31-169x300.jpeg 169w, https:\/\/www.nasdecin.cz\/wp-content\/uploads\/2026\/03\/WhatsApp-Image-2026-03-19-at-14.04.31-768x1365.jpeg 768w, https:\/\/www.nasdecin.cz\/wp-content\/uploads\/2026\/03\/WhatsApp-Image-2026-03-19-at-14.04.31-864x1536.jpeg 864w, https:\/\/www.nasdecin.cz\/wp-content\/uploads\/2026\/03\/WhatsApp-Image-2026-03-19-at-14.04.31.jpeg 1152w\" sizes=\"auto, (max-width: 576px) 100vw, 576px\" \/><\/figure>\n\n\n\n<figure class=\"wp-block-image size-large\"><img loading=\"lazy\" decoding=\"async\" width=\"576\" height=\"1024\" data-id=\"479\" src=\"https:\/\/www.nasdecin.cz\/wp-content\/uploads\/2026\/03\/WhatsApp-Image-2026-03-19-at-14.04.31-2-1-576x1024.jpeg\" alt=\"\" class=\"wp-image-479\" srcset=\"https:\/\/www.nasdecin.cz\/wp-content\/uploads\/2026\/03\/WhatsApp-Image-2026-03-19-at-14.04.31-2-1-576x1024.jpeg 576w, https:\/\/www.nasdecin.cz\/wp-content\/uploads\/2026\/03\/WhatsApp-Image-2026-03-19-at-14.04.31-2-1-169x300.jpeg 169w, https:\/\/www.nasdecin.cz\/wp-content\/uploads\/2026\/03\/WhatsApp-Image-2026-03-19-at-14.04.31-2-1-768x1365.jpeg 768w, https:\/\/www.nasdecin.cz\/wp-content\/uploads\/2026\/03\/WhatsApp-Image-2026-03-19-at-14.04.31-2-1-864x1536.jpeg 864w, https:\/\/www.nasdecin.cz\/wp-content\/uploads\/2026\/03\/WhatsApp-Image-2026-03-19-at-14.04.31-2-1.jpeg 1152w\" sizes=\"auto, (max-width: 576px) 100vw, 576px\" \/><\/figure>\n\n\n\n<figure class=\"wp-block-image size-large\"><img loading=\"lazy\" decoding=\"async\" width=\"576\" height=\"1024\" data-id=\"478\" src=\"https:\/\/www.nasdecin.cz\/wp-content\/uploads\/2026\/03\/WhatsApp-Image-2026-03-19-at-14.04.31-1-576x1024.jpeg\" alt=\"\" class=\"wp-image-478\" srcset=\"https:\/\/www.nasdecin.cz\/wp-content\/uploads\/2026\/03\/WhatsApp-Image-2026-03-19-at-14.04.31-1-576x1024.jpeg 576w, https:\/\/www.nasdecin.cz\/wp-content\/uploads\/2026\/03\/WhatsApp-Image-2026-03-19-at-14.04.31-1-169x300.jpeg 169w, https:\/\/www.nasdecin.cz\/wp-content\/uploads\/2026\/03\/WhatsApp-Image-2026-03-19-at-14.04.31-1-768x1365.jpeg 768w, https:\/\/www.nasdecin.cz\/wp-content\/uploads\/2026\/03\/WhatsApp-Image-2026-03-19-at-14.04.31-1-864x1536.jpeg 864w, https:\/\/www.nasdecin.cz\/wp-content\/uploads\/2026\/03\/WhatsApp-Image-2026-03-19-at-14.04.31-1.jpeg 1152w\" sizes=\"auto, (max-width: 576px) 100vw, 576px\" \/><\/figure>\n<\/figure>\n\n\n\n<p><strong>Jedna z nejcenn\u011bj\u0161\u00edch barokn\u00edch zahrad v republice se po dlouh\u00e9 a n\u00e1ro\u010dn\u00e9 rekonstrukci op\u011bt otev\u0159e ve\u0159ejnosti. R\u016f\u017eov\u00e1 zahrada m\u00e1 nyn\u00ed sv\u016fj p\u016fvodn\u00ed barokn\u00ed charakter.<\/strong>2<\/p>\n\n\n\n<p>Rekonstrukce je sou\u010d\u00e1st\u00ed rozs\u00e1hl\u00e9 investi\u010dn\u00ed akce m\u011bsta, kter\u00e1 zahrnovala tak\u00e9 obnovu Dlouh\u00e9 j\u00edzdy a sala terreny. Celkov\u00e9 n\u00e1klady projektu \u010din\u00ed 113 750 000 korun v\u010detn\u011b DPH. Z toho p\u0159\u00edmo n\u00e1klady na R\u016f\u017eovou zahradu byly 55 040 000 v\u010detn\u011b DPH. Na celou akci m\u011bsto z\u00edskalo dotaci ve v\u00fd\u0161i 82 milion\u016f korun.<\/p>\n\n\n\n<p>N\u00e1v\u0161t\u011bvn\u00edci se nov\u011b mohou t\u011b\u0161it na v\u00fdhledy do K\u0159\u00ed\u017eov\u00e9 ulice. Zp\u0159\u00edstupn\u011bny toti\u017e byly ba\u0161ty, vystav\u011bna byla \u010dtvrt\u00e1 edikula, nasv\u00edceny jsou sochy a barokn\u00ed v\u00e1zy. Sala terrena m\u00e1 freskovou v\u00fdmalbu a p\u0159ed n\u00ed p\u0159ibyly vodn\u00ed prvky v\u010detn\u011b tryskaj\u00edc\u00ed sochy Neptuna. Celou zahradu dopl\u0148uj\u00ed barokn\u00ed v\u00e1zy, trel\u00e1\u017ee, lavi\u010dky a nov\u00e9 niky. Nechyb\u00ed ani kv\u011btinov\u00e1 v\u00fdsadba. Vysazeno bylo p\u0159ibli\u017en\u011b 700 r\u016f\u017e\u00ed \u2013 25 pnouc\u00edch, 26 stromkov\u00fdch a n\u011bkolik stovek z\u00e1honov\u00fdch ke\u0159ov\u00fdch.<\/p>\n\n\n\n<p>Vstup do R\u016f\u017eov\u00e9 zahrady bude v pr\u016fb\u011bhu cel\u00e9ho roku umo\u017en\u011bn p\u0159es platebn\u00ed turniket.<\/p>\n\n\n\n<p>Rekonstrukce R\u016f\u017eov\u00e9 zahrady prob\u00edhala soub\u011b\u017en\u011b s obnovou Dlouh\u00e9 j\u00edzdy, 290 metr\u016f dlouh\u00e9 p\u0159\u00edjezdov\u00e9 cesty k z\u00e1mku. Ta byla ve\u0159ejnosti zp\u0159\u00edstupn\u011bna ji\u017e loni na podzim. Opravy v Dlouh\u00e9 j\u00edzd\u011b zahrnovaly kompletn\u00ed v\u00fdm\u011bnu povrchu, obnovu p\u00edskovcov\u00fdch chodn\u00edk\u016f, restaurov\u00e1n\u00ed bran i osazen\u00ed balkon\u016f.<\/p>\n\n\n\n<p>Tento projekt je jedn\u00edm z osmi v aktu\u00e1ln\u00edm obdob\u00ed, na kter\u00e9 m\u011bsto z\u00edskalo celkem p\u0159es 293 milion\u016f korun.<\/p>\n\n\n\n<p><\/p>\n","protected":false},"excerpt":{"rendered":"<p>Jedna z nejcenn\u011bj\u0161\u00edch barokn\u00edch zahrad v republice se po dlouh\u00e9 a n\u00e1ro\u010dn\u00e9 rekonstrukci op\u011bt otev\u0159e ve\u0159ejnosti. R\u016f\u017eov\u00e1 zahrada m\u00e1 nyn\u00ed sv\u016fj p\u016fvodn\u00ed barokn\u00ed charakter.2 Rekonstrukce je sou\u010d\u00e1st\u00ed rozs\u00e1hl\u00e9 investi\u010dn\u00ed akce m\u011bsta, kter\u00e1 zahrnovala tak\u00e9 obnovu Dlouh\u00e9 j\u00edzdy a sala terreny. Celkov\u00e9 n\u00e1klady projektu \u010din\u00ed 113 750 000 korun v\u010detn\u011b DPH. Z toho p\u0159\u00edmo n\u00e1klady na &hellip; <\/p>\n<p class=\"link-more\"><a href=\"https:\/\/www.nasdecin.cz\/?page_id=473\" class=\"more-link\">Pokra\u010dovat ve \u010dten\u00ed<span class=\"screen-reader-text\"> &#8222;Prvn\u00ed jarn\u00ed den otev\u0159e R\u016f\u017eovou zahradu&#8220;<\/span><\/a><\/p>\n","protected":false},"author":1,"featured_media":0,"parent":0,"menu_order":0,"comment_status":"closed","ping_status":"closed","template":"","meta":{"footnotes":""},"class_list":["post-473","page","type-page","status-publish","hentry"],"_links":{"self":[{"href":"https:\/\/www.nasdecin.cz\/index.php?rest_route=\/wp\/v2\/pages\/473","targetHints":{"allow":["GET"]}}],"collection":[{"href":"https:\/\/www.nasdecin.cz\/index.php?rest_route=\/wp\/v2\/pages"}],"about":[{"href":"https:\/\/www.nasdecin.cz\/index.php?rest_route=\/wp\/v2\/types\/page"}],"author":[{"embeddable":true,"href":"https:\/\/www.nasdecin.cz\/index.php?rest_route=\/wp\/v2\/users\/1"}],"replies":[{"embeddable":true,"href":"https:\/\/www.nasdecin.cz\/index.php?rest_route=%2Fwp%2Fv2%2Fcomments&post=473"}],"version-history":[{"count":1,"href":"https:\/\/www.nasdecin.cz\/index.php?rest_route=\/wp\/v2\/pages\/473\/revisions"}],"predecessor-version":[{"id":481,"href":"https:\/\/www.nasdecin.cz\/index.php?rest_route=\/wp\/v2\/pages\/473\/revisions\/481"}],"wp:attachment":[{"href":"https:\/\/www.nasdecin.cz\/index.php?rest_route=%2Fwp%2Fv2%2Fmedia&parent=473"}],"curies":[{"name":"wp","href":"https:\/\/api.w.org\/{rel}","templated":true}]}}