{"id":47,"date":"2022-05-29T15:16:41","date_gmt":"2022-05-29T15:16:41","guid":{"rendered":"https:\/\/www.nasdecin.cz\/?page_id=47"},"modified":"2022-08-05T06:27:17","modified_gmt":"2022-08-05T06:27:17","slug":"strucne-body-nasich-vizi-pro-mesto-decin","status":"publish","type":"page","link":"https:\/\/www.nasdecin.cz\/?page_id=47","title":{"rendered":"Stru\u010dn\u00e9 body na\u0161ich viz\u00ed pro m\u011bsto D\u011b\u010d\u00edn"},"content":{"rendered":"\n<p>P\u0159edstavujeme V\u00e1m oblasti \u017eivota na\u0161eho m\u011bsta, na kter\u00e9 bychom se r\u00e1di zam\u011b\u0159ili.<\/p>\n\n\n\n<h3 class=\"wp-block-heading\"><a href=\"https:\/\/www.nasdecin.cz\/?page_id=34\" data-type=\"page\" data-id=\"34\">Rozvoj m\u011bsta<\/a><\/h3>\n\n\n\n<h3 class=\"wp-block-heading\"><a href=\"https:\/\/www.nasdecin.cz\/?page_id=212\" data-type=\"page\" data-id=\"212\">Ekonomika m\u011bsta<\/a><\/h3>\n\n\n\n<h3 class=\"wp-block-heading\"><a href=\"https:\/\/www.nasdecin.cz\/?page_id=214\" data-type=\"page\" data-id=\"214\">Doprava ve m\u011bst\u011b a okol\u00ed<\/a><\/h3>\n\n\n\n<h3 class=\"wp-block-heading\"><a href=\"https:\/\/www.nasdecin.cz\/?page_id=217\" data-type=\"page\" data-id=\"217\">\u0160kolstv\u00ed<\/a><\/h3>\n\n\n\n<h3 class=\"wp-block-heading\"><a href=\"https:\/\/www.nasdecin.cz\/?page_id=219\" data-type=\"page\" data-id=\"219\">Soci\u00e1ln\u00ed oblast a zdravotnictv\u00ed<\/a><\/h3>\n\n\n\n<h3 class=\"wp-block-heading\"><a href=\"https:\/\/www.nasdecin.cz\/?page_id=221\" data-type=\"page\" data-id=\"221\">\u017divotn\u00ed prost\u0159ed\u00ed<\/a><\/h3>\n\n\n\n<h3 class=\"wp-block-heading\"><a href=\"https:\/\/www.nasdecin.cz\/?page_id=223\" data-type=\"page\" data-id=\"223\">Sport<\/a><\/h3>\n\n\n\n<h3 class=\"wp-block-heading\"><a href=\"https:\/\/www.nasdecin.cz\/?page_id=225\" data-type=\"page\" data-id=\"225\">Kultura<\/a><\/h3>\n\n\n\n<h3 class=\"wp-block-heading\"><a href=\"https:\/\/www.nasdecin.cz\/?page_id=227\" data-type=\"page\" data-id=\"227\">Bezpe\u010dnost<\/a><\/h3>\n\n\n\n<h3 class=\"wp-block-heading\"><a href=\"https:\/\/www.nasdecin.cz\/?page_id=229\" data-type=\"page\" data-id=\"229\">Turistick\u00fd ruch<\/a><\/h3>\n\n\n\n<h3 class=\"wp-block-heading\"><a href=\"https:\/\/www.nasdecin.cz\/?page_id=231\" data-type=\"page\" data-id=\"231\">Smart city\/Energetika\/Inovace<\/a><\/h3>\n","protected":false},"excerpt":{"rendered":"<p>P\u0159edstavujeme V\u00e1m oblasti \u017eivota na\u0161eho m\u011bsta, na kter\u00e9 bychom se r\u00e1di zam\u011b\u0159ili. Rozvoj m\u011bsta Ekonomika m\u011bsta Doprava ve m\u011bst\u011b a okol\u00ed \u0160kolstv\u00ed Soci\u00e1ln\u00ed oblast a zdravotnictv\u00ed \u017divotn\u00ed prost\u0159ed\u00ed Sport Kultura Bezpe\u010dnost Turistick\u00fd ruch Smart city\/Energetika\/Inovace<\/p>\n","protected":false},"author":1,"featured_media":0,"parent":0,"menu_order":0,"comment_status":"closed","ping_status":"closed","template":"","meta":{"footnotes":""},"class_list":["post-47","page","type-page","status-publish","hentry"],"_links":{"self":[{"href":"https:\/\/www.nasdecin.cz\/index.php?rest_route=\/wp\/v2\/pages\/47","targetHints":{"allow":["GET"]}}],"collection":[{"href":"https:\/\/www.nasdecin.cz\/index.php?rest_route=\/wp\/v2\/pages"}],"about":[{"href":"https:\/\/www.nasdecin.cz\/index.php?rest_route=\/wp\/v2\/types\/page"}],"author":[{"embeddable":true,"href":"https:\/\/www.nasdecin.cz\/index.php?rest_route=\/wp\/v2\/users\/1"}],"replies":[{"embeddable":true,"href":"https:\/\/www.nasdecin.cz\/index.php?rest_route=%2Fwp%2Fv2%2Fcomments&post=47"}],"version-history":[{"count":19,"href":"https:\/\/www.nasdecin.cz\/index.php?rest_route=\/wp\/v2\/pages\/47\/revisions"}],"predecessor-version":[{"id":269,"href":"https:\/\/www.nasdecin.cz\/index.php?rest_route=\/wp\/v2\/pages\/47\/revisions\/269"}],"wp:attachment":[{"href":"https:\/\/www.nasdecin.cz\/index.php?rest_route=%2Fwp%2Fv2%2Fmedia&parent=47"}],"curies":[{"name":"wp","href":"https:\/\/api.w.org\/{rel}","templated":true}]}}