{"id":466,"date":"2026-03-19T12:42:12","date_gmt":"2026-03-19T12:42:12","guid":{"rendered":"https:\/\/www.nasdecin.cz\/?page_id=466"},"modified":"2026-03-19T12:43:37","modified_gmt":"2026-03-19T12:43:37","slug":"navrhy-na-projekty-participativniho-rozpoctu-muzete-podat-do-konce-kvetna","status":"publish","type":"page","link":"https:\/\/www.nasdecin.cz\/?page_id=466","title":{"rendered":"N\u00e1vrhy na projekty participativn\u00edho rozpo\u010dtu m\u016f\u017eete podat do konce kv\u011btna"},"content":{"rendered":"\n<figure class=\"wp-block-image size-full is-resized\"><img loading=\"lazy\" decoding=\"async\" width=\"900\" height=\"500\" src=\"http:\/\/www.nasdecin.cz\/wp-content\/uploads\/2026\/03\/e8f1288d67c65deb76e39fa33b78fc98_XL.webp\" alt=\"\" class=\"wp-image-467\" style=\"aspect-ratio:1.8000642880102862;width:653px;height:auto\" srcset=\"https:\/\/www.nasdecin.cz\/wp-content\/uploads\/2026\/03\/e8f1288d67c65deb76e39fa33b78fc98_XL.webp 900w, https:\/\/www.nasdecin.cz\/wp-content\/uploads\/2026\/03\/e8f1288d67c65deb76e39fa33b78fc98_XL-300x167.webp 300w, https:\/\/www.nasdecin.cz\/wp-content\/uploads\/2026\/03\/e8f1288d67c65deb76e39fa33b78fc98_XL-768x427.webp 768w\" sizes=\"auto, (max-width: 706px) 89vw, (max-width: 767px) 82vw, 740px\" \/><\/figure>\n\n\n\n<p><strong>Tvo\u0159\u00edme D\u011b\u010d\u00edn je participativn\u00ed projekt m\u011bsta pro m\u00edstn\u00ed ob\u010dany. Letos na zaj\u00edmav\u00e9 n\u00e1pady a realizovateln\u00e9 projekty m\u011bsto vy\u010dlenilo \u010d\u00e1stku 2,25 milion\u016f korun. Zapojte se i vy a zlep\u0161ete prost\u0159ed\u00ed, v&nbsp;kter\u00e9m \u017eijete.<\/strong><\/p>\n\n\n\n<p>V&nbsp;lo\u0148sk\u00e9m roce p\u0159i\u0161li lid\u00e9 s&nbsp;25 n\u00e1vrhy. Obyvatel\u00e9 mohou sv\u00e9 projekty zas\u00edlat do konce kv\u011btna 2026. Postupn\u011b bude prob\u00edhat jejich odborn\u00e9 posouzen\u00ed \u2013 nap\u0159\u00edklad zda je mo\u017en\u00e9 projekt realizovat na m\u011bstsk\u00e9m pozemku nebo zda odpov\u00edd\u00e1 pravidl\u016fm participativn\u00edho rozpo\u010dtu. N\u00e1vrhy, kter\u00e9 projdou kontrolou, postoup\u00ed do podzimn\u00edho hlasov\u00e1n\u00ed ve\u0159ejnosti. Ta rozhodne o kone\u010dn\u00e9m po\u0159ad\u00ed a v\u00fdb\u011bru v\u00edt\u011bzn\u00fdch projekt\u016f.<\/p>\n\n\n\n<p>Participativn\u00ed rozpo\u010det funguje v D\u011b\u010d\u00edn\u011b od roku 2018. D\u00edky t\u00e9to iniciativ\u011b vznikla nov\u00e1 h\u0159i\u0161t\u011b, cykloboxy nebo byly upraveny frekventovan\u00e9 cesty a ve\u0159ejn\u00e1 prostranstv\u00ed.&nbsp;<\/p>\n\n\n\n<p>Jedn\u00edm z ned\u00e1vno dokon\u010den\u00fdch projekt\u016f je zpevn\u011bn\u00ed hlavn\u00ed stezky v lesoparku Ba\u017eantnice v&nbsp;\u017delenic\u00edch, kter\u00e1 byla dlouhodob\u011b ve \u0161patn\u00e9m stavu.&nbsp; M\u011bsto obnovilo povrch, instalovalo nov\u00fd mobili\u00e1\u0159 a provedlo pro\u0159ez\u00e1n\u00ed n\u00e1letov\u00e9 vegetace, co\u017e zv\u00fd\u0161ilo bezpe\u010dnost. Cestu te\u010f bez probl\u00e9m\u016f mohou vyu\u017e\u00edvat i rodiny s&nbsp;ko\u010d\u00e1rky nebo senio\u0159i.<\/p>\n\n\n\n<details class=\"wp-block-details is-layout-flow wp-block-details-is-layout-flow\"><summary>Odkaz:<\/summary>\n<p><a href=\"https:\/\/www.participativni-rozpocet.cz\/tvorimedecin\/\">https:\/\/www.participativni-rozpocet.cz\/tvorimedecin\/<\/a><\/p>\n\n\n\n<p><\/p>\n<\/details>\n","protected":false},"excerpt":{"rendered":"<p>Tvo\u0159\u00edme D\u011b\u010d\u00edn je participativn\u00ed projekt m\u011bsta pro m\u00edstn\u00ed ob\u010dany. Letos na zaj\u00edmav\u00e9 n\u00e1pady a realizovateln\u00e9 projekty m\u011bsto vy\u010dlenilo \u010d\u00e1stku 2,25 milion\u016f korun. Zapojte se i vy a zlep\u0161ete prost\u0159ed\u00ed, v&nbsp;kter\u00e9m \u017eijete. V&nbsp;lo\u0148sk\u00e9m roce p\u0159i\u0161li lid\u00e9 s&nbsp;25 n\u00e1vrhy. Obyvatel\u00e9 mohou sv\u00e9 projekty zas\u00edlat do konce kv\u011btna 2026. Postupn\u011b bude prob\u00edhat jejich odborn\u00e9 posouzen\u00ed \u2013 nap\u0159\u00edklad zda &hellip; <\/p>\n<p class=\"link-more\"><a href=\"https:\/\/www.nasdecin.cz\/?page_id=466\" class=\"more-link\">Pokra\u010dovat ve \u010dten\u00ed<span class=\"screen-reader-text\"> &#8222;N\u00e1vrhy na projekty participativn\u00edho rozpo\u010dtu m\u016f\u017eete podat do konce kv\u011btna&#8220;<\/span><\/a><\/p>\n","protected":false},"author":1,"featured_media":0,"parent":0,"menu_order":0,"comment_status":"closed","ping_status":"closed","template":"","meta":{"footnotes":""},"class_list":["post-466","page","type-page","status-publish","hentry"],"_links":{"self":[{"href":"https:\/\/www.nasdecin.cz\/index.php?rest_route=\/wp\/v2\/pages\/466","targetHints":{"allow":["GET"]}}],"collection":[{"href":"https:\/\/www.nasdecin.cz\/index.php?rest_route=\/wp\/v2\/pages"}],"about":[{"href":"https:\/\/www.nasdecin.cz\/index.php?rest_route=\/wp\/v2\/types\/page"}],"author":[{"embeddable":true,"href":"https:\/\/www.nasdecin.cz\/index.php?rest_route=\/wp\/v2\/users\/1"}],"replies":[{"embeddable":true,"href":"https:\/\/www.nasdecin.cz\/index.php?rest_route=%2Fwp%2Fv2%2Fcomments&post=466"}],"version-history":[{"count":2,"href":"https:\/\/www.nasdecin.cz\/index.php?rest_route=\/wp\/v2\/pages\/466\/revisions"}],"predecessor-version":[{"id":472,"href":"https:\/\/www.nasdecin.cz\/index.php?rest_route=\/wp\/v2\/pages\/466\/revisions\/472"}],"wp:attachment":[{"href":"https:\/\/www.nasdecin.cz\/index.php?rest_route=%2Fwp%2Fv2%2Fmedia&parent=466"}],"curies":[{"name":"wp","href":"https:\/\/api.w.org\/{rel}","templated":true}]}}