{"id":455,"date":"2026-03-11T15:56:46","date_gmt":"2026-03-11T15:56:46","guid":{"rendered":"https:\/\/www.nasdecin.cz\/?page_id=455"},"modified":"2026-03-11T15:59:00","modified_gmt":"2026-03-11T15:59:00","slug":"luzickou-ulici-ceka-rekonstrukce-siti","status":"publish","type":"page","link":"https:\/\/www.nasdecin.cz\/?page_id=455","title":{"rendered":"Lu\u017eickou ulici \u010dek\u00e1 rekonstrukce s\u00edt\u00ed"},"content":{"rendered":"\n<figure class=\"wp-block-image size-large\"><img loading=\"lazy\" decoding=\"async\" width=\"1024\" height=\"576\" src=\"https:\/\/www.nasdecin.cz\/wp-content\/uploads\/2026\/03\/reko_luz-1-1024x576.webp\" alt=\"\" class=\"wp-image-459\" srcset=\"https:\/\/www.nasdecin.cz\/wp-content\/uploads\/2026\/03\/reko_luz-1-1024x576.webp 1024w, https:\/\/www.nasdecin.cz\/wp-content\/uploads\/2026\/03\/reko_luz-1-300x169.webp 300w, https:\/\/www.nasdecin.cz\/wp-content\/uploads\/2026\/03\/reko_luz-1-768x432.webp 768w, https:\/\/www.nasdecin.cz\/wp-content\/uploads\/2026\/03\/reko_luz-1-1536x864.webp 1536w, https:\/\/www.nasdecin.cz\/wp-content\/uploads\/2026\/03\/reko_luz-1-2048x1152.webp 2048w\" sizes=\"auto, (max-width: 706px) 89vw, (max-width: 767px) 82vw, 740px\" \/><\/figure>\n\n\n\n<p><strong>Obnova vodovodu, kanalizace i plynovodu na p\u0159ibli\u017en\u011b deset m\u011bs\u00edc\u016f uzav\u0159e Lu\u017eickou ulici. Po dokon\u010den\u00ed rekonstrukce in\u017een\u00fdrsk\u00fdch s\u00edt\u00ed pl\u00e1nuje m\u011bsto opravu povrch\u016f. Na financov\u00e1n\u00ed se budou \u010d\u00e1ste\u010dn\u011b pod\u00edlet tak\u00e9 spole\u010dnosti, kter\u00e9 prov\u00e1d\u011bj\u00ed obnovu jednotliv\u00fdch s\u00edt\u00ed. <\/strong><\/p>\n\n\n\n<p>Jako prvn\u00ed zah\u00e1j\u00ed pr\u00e1ce Severo\u010desk\u00e1 vod\u00e1rensk\u00e1 spole\u010dnost, kter\u00e1 zajist\u00ed rekonstrukci vodovodu a kanalizace. Pr\u00e1ce budou prob\u00edhat postupn\u011b po etap\u00e1ch v \u00faseku od zast\u00e1vky Kamenick\u00e1 a\u017e po kone\u010dnou zast\u00e1vku Nemocnice.<\/p>\n\n\n\n<p>Prvn\u00ed etapa za\u010dne v prostoru u Domova se zvl\u00e1\u0161tn\u00edm re\u017eimem. Tato \u010d\u00e1st stavby omez\u00ed dopravu pouze \u010d\u00e1ste\u010dn\u011b a potrv\u00e1 do 12. dubna. Po dobu prac\u00ed bude zast\u00e1vka Kamenick\u00e1 do\u010dasn\u011b p\u0159esunuta.<\/p>\n\n\n\n<p>N\u00e1sledn\u011b se stavebn\u00ed pr\u00e1ce posunou d\u00e1le do Lu\u017eick\u00e9 ulice sm\u011brem k nemocnici. Proto\u017ee vodovod i kanalizace vedou st\u0159edem vozovky, bude v dal\u0161\u00edch etap\u00e1ch ulice uzav\u0159ena v cel\u00e9 sv\u00e9 \u0161\u00ed\u0159i. Pracovn\u00ed m\u00edsto se bude postupn\u011b posouvat podle pr\u016fb\u011bhu rekonstrukce. Zhotovitel proto umo\u017en\u00ed rezident\u016fm p\u0159\u00edjezd k jejich dom\u016fm v\u017edy tam, kde to aktu\u00e1ln\u00ed etapa prac\u00ed dovol\u00ed. Obyvatel\u00e9 budou o postupu stavby pr\u016fb\u011b\u017en\u011b informov\u00e1ni.<\/p>\n\n\n\n<p>Po celou dobu rekonstrukce bude zaji\u0161t\u011bn pr\u016fchod pro p\u011b\u0161\u00ed, svoz komun\u00e1ln\u00edho odpadu i vjezd vozidel integrovan\u00e9ho z\u00e1chrann\u00e9ho syst\u00e9mu.<\/p>\n\n\n\n<p>Stavebn\u00ed pr\u00e1ce ovlivn\u00ed tak\u00e9 provoz autobusov\u00e9 dopravy, p\u0159edev\u0161\u00edm linky 201. Aby byla zachov\u00e1na dopravn\u00ed obslu\u017enost zast\u00e1vek Pod Nemocnic\u00ed a Nemocnice, pojedou vybran\u00e9 spoje po obj\u00edzdn\u00e9 trase.<\/p>\n\n\n\n<p><strong>Rekonstrukce plynovodu<\/strong><\/p>\n\n\n\n<p>Po dokon\u010den\u00ed vodohospod\u00e1\u0159sk\u00fdch prac\u00ed v prostoru u Domova se zvl\u00e1\u0161tn\u00edm re\u017eimem nav\u00e1\u017ee rekonstrukc\u00ed plynovodu spole\u010dnost GasNet. Pr\u00e1ce se budou postupn\u011b p\u0159esouvat sm\u011brem ke Kamenick\u00e9 ulici.<\/p>\n\n\n\n<p>V \u00faseku mezi k\u0159i\u017eovatkou Kamenick\u00e1 \u00d7 Lu\u017eick\u00e1 a Hotel Sen\u00e1tor bude doprava \u0159\u00edzena sv\u011btelnou signalizac\u00ed. Toto omezen\u00ed by m\u011blo za\u010d\u00edt platit p\u0159ibli\u017en\u011b na p\u0159elomu kv\u011btna a \u010dervna.<\/p>\n\n\n\n<p>V dal\u0161\u00edch etap\u00e1ch se rekonstrukce p\u0159esune do Liliov\u00e1 ulice, kde bude obnova potrub\u00ed prob\u00edhat p\u0159ev\u00e1\u017en\u011b mimo komunikaci, tak\u017ee dopravn\u00ed omezen\u00ed by zde m\u011bla b\u00fdt jen minim\u00e1ln\u00ed.<\/p>\n\n\n\n<p><strong>Lu\u017eick\u00e1 dostane nov\u00e9 povrchy<\/strong><\/p>\n\n\n\n<p>Po dokon\u010den\u00ed rekonstrukce in\u017een\u00fdrsk\u00fdch s\u00edt\u00ed pl\u00e1nuje m\u011bsto opravu povrch\u016f v Lu\u017eick\u00e9 ulici. Na financov\u00e1n\u00ed se budou \u010d\u00e1ste\u010dn\u011b pod\u00edlet tak\u00e9 spole\u010dnosti, kter\u00e9 prov\u00e1d\u011bj\u00ed obnovu jednotliv\u00fdch s\u00edt\u00ed.<\/p>\n\n\n\n<p>\u201eO stavu povrch\u016f v Lu\u017eick\u00e9 ulici se diskutuje ji\u017e dlouhou dobu. Chceme proto na rekonstrukci s\u00edt\u00ed nav\u00e1zat obnovou vozovky a chodn\u00edk\u016f, abychom zlep\u0161ili podm\u00ednky v t\u00e9to dopravn\u011b velmi vyt\u00ed\u017een\u00e9 lokalit\u011b,\u201c uv\u00e1d\u00ed n\u00e1m\u011bstek prim\u00e1tora pro rozvoj m\u011bsta a IT Ond\u0159ej Sm\u00ed\u0161ek.<\/p>\n\n\n\n<p>Posledn\u00edm krokem bude oprava autobusov\u00e9 zast\u00e1vky Kamenick\u00e1. \u201eTeprve po zprovozn\u011bn\u00ed zast\u00e1vky Nemocnice bude mo\u017en\u00e9 zah\u00e1jit rekonstrukci zast\u00e1vky Kamenick\u00e1. Ta je p\u0159edb\u011b\u017en\u011b pl\u00e1nov\u00e1na na dv\u011b etapy, aby bylo omezen\u00ed dopravy co nejmen\u0161\u00ed,\u201c dopl\u0148uje Ond\u0159ej Sm\u00ed\u0161ek.<\/p>\n\n\n\n<p>Zah\u00e1jen\u00ed prac\u00ed na oprav\u011b zast\u00e1vky se p\u0159edpokl\u00e1d\u00e1 v b\u0159eznu 2027.<\/p>\n\n\n\n<p>ilustrace m\u011bsto D\u011b\u010d\u00edn<\/p>\n","protected":false},"excerpt":{"rendered":"<p>Obnova vodovodu, kanalizace i plynovodu na p\u0159ibli\u017en\u011b deset m\u011bs\u00edc\u016f uzav\u0159e Lu\u017eickou ulici. Po dokon\u010den\u00ed rekonstrukce in\u017een\u00fdrsk\u00fdch s\u00edt\u00ed pl\u00e1nuje m\u011bsto opravu povrch\u016f. Na financov\u00e1n\u00ed se budou \u010d\u00e1ste\u010dn\u011b pod\u00edlet tak\u00e9 spole\u010dnosti, kter\u00e9 prov\u00e1d\u011bj\u00ed obnovu jednotliv\u00fdch s\u00edt\u00ed. Jako prvn\u00ed zah\u00e1j\u00ed pr\u00e1ce Severo\u010desk\u00e1 vod\u00e1rensk\u00e1 spole\u010dnost, kter\u00e1 zajist\u00ed rekonstrukci vodovodu a kanalizace. Pr\u00e1ce budou prob\u00edhat postupn\u011b po etap\u00e1ch v \u00faseku &hellip; <\/p>\n<p class=\"link-more\"><a href=\"https:\/\/www.nasdecin.cz\/?page_id=455\" class=\"more-link\">Pokra\u010dovat ve \u010dten\u00ed<span class=\"screen-reader-text\"> &#8222;Lu\u017eickou ulici \u010dek\u00e1 rekonstrukce s\u00edt\u00ed&#8220;<\/span><\/a><\/p>\n","protected":false},"author":1,"featured_media":0,"parent":0,"menu_order":0,"comment_status":"closed","ping_status":"closed","template":"","meta":{"footnotes":""},"class_list":["post-455","page","type-page","status-publish","hentry"],"_links":{"self":[{"href":"https:\/\/www.nasdecin.cz\/index.php?rest_route=\/wp\/v2\/pages\/455","targetHints":{"allow":["GET"]}}],"collection":[{"href":"https:\/\/www.nasdecin.cz\/index.php?rest_route=\/wp\/v2\/pages"}],"about":[{"href":"https:\/\/www.nasdecin.cz\/index.php?rest_route=\/wp\/v2\/types\/page"}],"author":[{"embeddable":true,"href":"https:\/\/www.nasdecin.cz\/index.php?rest_route=\/wp\/v2\/users\/1"}],"replies":[{"embeddable":true,"href":"https:\/\/www.nasdecin.cz\/index.php?rest_route=%2Fwp%2Fv2%2Fcomments&post=455"}],"version-history":[{"count":2,"href":"https:\/\/www.nasdecin.cz\/index.php?rest_route=\/wp\/v2\/pages\/455\/revisions"}],"predecessor-version":[{"id":463,"href":"https:\/\/www.nasdecin.cz\/index.php?rest_route=\/wp\/v2\/pages\/455\/revisions\/463"}],"wp:attachment":[{"href":"https:\/\/www.nasdecin.cz\/index.php?rest_route=%2Fwp%2Fv2%2Fmedia&parent=455"}],"curies":[{"name":"wp","href":"https:\/\/api.w.org\/{rel}","templated":true}]}}