{"id":440,"date":"2026-03-11T09:14:26","date_gmt":"2026-03-11T09:14:26","guid":{"rendered":"https:\/\/www.nasdecin.cz\/?page_id=440"},"modified":"2026-03-11T09:14:37","modified_gmt":"2026-03-11T09:14:37","slug":"mesto-vyhlasi-architektonickou-soutez-na-novou-telocvicnu-ve-vokolkove-ulic","status":"publish","type":"page","link":"https:\/\/www.nasdecin.cz\/?page_id=440","title":{"rendered":"M\u011bsto vyhl\u00e1s\u00ed architektonickou sout\u011b\u017e na novou t\u011blocvi\u010dnu ve Vokolkov\u011b ulic"},"content":{"rendered":"\n<figure class=\"wp-block-image size-large\"><img loading=\"lazy\" decoding=\"async\" width=\"1024\" height=\"768\" src=\"https:\/\/www.nasdecin.cz\/wp-content\/uploads\/2026\/03\/WhatsApp-Image-2026-03-09-at-17.19.17-1-1024x768.jpeg\" alt=\"\" class=\"wp-image-444\" srcset=\"https:\/\/www.nasdecin.cz\/wp-content\/uploads\/2026\/03\/WhatsApp-Image-2026-03-09-at-17.19.17-1-1024x768.jpeg 1024w, https:\/\/www.nasdecin.cz\/wp-content\/uploads\/2026\/03\/WhatsApp-Image-2026-03-09-at-17.19.17-1-300x225.jpeg 300w, https:\/\/www.nasdecin.cz\/wp-content\/uploads\/2026\/03\/WhatsApp-Image-2026-03-09-at-17.19.17-1-768x576.jpeg 768w, https:\/\/www.nasdecin.cz\/wp-content\/uploads\/2026\/03\/WhatsApp-Image-2026-03-09-at-17.19.17-1.jpeg 1280w\" sizes=\"auto, (max-width: 706px) 89vw, (max-width: 767px) 82vw, 740px\" \/><\/figure>\n\n\n\n<p><strong>V&nbsp;lednov\u00e9 rad\u011b radn\u00ed odsouhlasili p\u0159\u00edpravu ve\u0159ejn\u00e9 zak\u00e1zky na projektovou dokumentaci formou otev\u0159en\u00e9 jednokolov\u00e9 architektonick\u00e9 sout\u011b\u017ee na novou t\u011blocvi\u010dnu ve Vokolkov\u011b ulici.&nbsp;<\/strong><\/p>\n\n\n\n<p>V\u00fdb\u011br zpracovatele projektov\u00e9 dokumentace formou architektonick\u00e9 sout\u011b\u017ee doporu\u010dila kancel\u00e1\u0159 architekta m\u011bsta (KAM). M\u011bsto tak z\u00edsk\u00e1 n\u011bkolik n\u00e1vrh\u016f, ze kter\u00fdch bude moci vybrat ten nejlep\u0161\u00ed. Sout\u011b\u017e bude vyhl\u00e1\u0161ena v pr\u016fb\u011bhu leto\u0161n\u00edho roku, vyhodnocen\u00ed bude k nahl\u00e9dnut\u00ed na podzim.<\/p>\n\n\n\n<p>V sou\u010dasn\u00e9 dob\u011b je zpracovan\u00e9 geodetick\u00e9 zam\u011b\u0159en\u00ed, kter\u00e9 je podkladem pro sout\u011b\u017e\u00edc\u00ed. KAM z\u00e1rove\u0148 p\u0159ipravuje zad\u00e1n\u00ed, v\u010detn\u011b regula\u010dn\u00edch podm\u00ednek. T\u011blocvi\u010dna je sou\u010d\u00e1st\u00ed komplexn\u00edho \u0159e\u0161en\u00ed are\u00e1lu \u0161koly. Na podzim lo\u0148sk\u00e9ho roku nechalo m\u011bsto p\u016fvodn\u00ed t\u011blocvi\u010dnu odstranit. Mohlo tak u\u010dinit a\u017e pot\u00e9, co objekt z\u00edskalo do sv\u00e9ho vlastnictv\u00ed. N\u00e1klady na demolici a oplocen\u00ed vy\u0161ly na dva miliony korun.<\/p>\n\n\n\n<p>\u201ePostupn\u011b do\u0161lo k vyst\u011bhov\u00e1n\u00ed objektu, demont\u00e1\u017ei dve\u0159\u00ed, oken, osv\u011btlen\u00ed, kabel\u00e1\u017ee a klemp\u00ed\u0159sk\u00fdch konstrukc\u00ed. Po vyklizen\u00ed objektu byl odstran\u011bn obvodov\u00fd pl\u00e1\u0161\u0165 a st\u0159e\u0161n\u00ed skladby. Pomoc\u00ed bagru s dlouh\u00fdm ramenem a kle\u0161t\u011bmi do\u0161lo k rozebr\u00e1n\u00ed st\u0159echy mezi ocelov\u00fdmi nosn\u00edky. Betonov\u00e1 podlaha z\u016fstala zachov\u00e1na,\u201c popsal pr\u016fb\u011bh prac\u00ed Ond\u0159ej Sm\u00ed\u0161ek, n\u00e1m\u011bstek prim\u00e1tora.<\/p>\n\n\n\n<p>N\u00e1klady na sout\u011b\u017e budou cca 1,8 milionu korun, celkov\u00e9 n\u00e1klady na projektovou dokumentaci se p\u0159edpokl\u00e1daj\u00ed v celkov\u00e9 v\u00fd\u0161i 5,8 milion\u016f.<\/p>\n\n\n\n<details class=\"wp-block-details is-layout-flow wp-block-details-is-layout-flow\"><summary>Galerie<\/summary>\n<figure class=\"wp-block-gallery has-nested-images columns-default is-cropped wp-block-gallery-1 is-layout-flex wp-block-gallery-is-layout-flex\">\n<figure class=\"wp-block-image size-large\"><img loading=\"lazy\" decoding=\"async\" width=\"1024\" height=\"768\" data-id=\"450\" src=\"https:\/\/www.nasdecin.cz\/wp-content\/uploads\/2026\/03\/WhatsApp-Image-2026-03-09-at-17.19.17-1-2-1024x768.jpeg\" alt=\"\" class=\"wp-image-450\" srcset=\"https:\/\/www.nasdecin.cz\/wp-content\/uploads\/2026\/03\/WhatsApp-Image-2026-03-09-at-17.19.17-1-2-1024x768.jpeg 1024w, https:\/\/www.nasdecin.cz\/wp-content\/uploads\/2026\/03\/WhatsApp-Image-2026-03-09-at-17.19.17-1-2-300x225.jpeg 300w, https:\/\/www.nasdecin.cz\/wp-content\/uploads\/2026\/03\/WhatsApp-Image-2026-03-09-at-17.19.17-1-2-768x576.jpeg 768w, https:\/\/www.nasdecin.cz\/wp-content\/uploads\/2026\/03\/WhatsApp-Image-2026-03-09-at-17.19.17-1-2.jpeg 1280w\" sizes=\"auto, (max-width: 706px) 89vw, (max-width: 767px) 82vw, 740px\" \/><\/figure>\n\n\n\n<figure class=\"wp-block-image size-large\"><img loading=\"lazy\" decoding=\"async\" width=\"1024\" height=\"768\" data-id=\"451\" src=\"https:\/\/www.nasdecin.cz\/wp-content\/uploads\/2026\/03\/WhatsApp-Image-2026-03-09-at-17.19.15-2-1024x768.jpeg\" alt=\"\" class=\"wp-image-451\" srcset=\"https:\/\/www.nasdecin.cz\/wp-content\/uploads\/2026\/03\/WhatsApp-Image-2026-03-09-at-17.19.15-2-1024x768.jpeg 1024w, https:\/\/www.nasdecin.cz\/wp-content\/uploads\/2026\/03\/WhatsApp-Image-2026-03-09-at-17.19.15-2-300x225.jpeg 300w, https:\/\/www.nasdecin.cz\/wp-content\/uploads\/2026\/03\/WhatsApp-Image-2026-03-09-at-17.19.15-2-768x576.jpeg 768w, https:\/\/www.nasdecin.cz\/wp-content\/uploads\/2026\/03\/WhatsApp-Image-2026-03-09-at-17.19.15-2.jpeg 1280w\" sizes=\"auto, (max-width: 706px) 89vw, (max-width: 767px) 82vw, 740px\" \/><\/figure>\n\n\n\n<figure class=\"wp-block-image size-large\"><img loading=\"lazy\" decoding=\"async\" width=\"1024\" height=\"768\" data-id=\"449\" src=\"https:\/\/www.nasdecin.cz\/wp-content\/uploads\/2026\/03\/WhatsApp-Image-2026-03-09-at-17.19.15-1-2-1024x768.jpeg\" alt=\"\" class=\"wp-image-449\" srcset=\"https:\/\/www.nasdecin.cz\/wp-content\/uploads\/2026\/03\/WhatsApp-Image-2026-03-09-at-17.19.15-1-2-1024x768.jpeg 1024w, https:\/\/www.nasdecin.cz\/wp-content\/uploads\/2026\/03\/WhatsApp-Image-2026-03-09-at-17.19.15-1-2-300x225.jpeg 300w, https:\/\/www.nasdecin.cz\/wp-content\/uploads\/2026\/03\/WhatsApp-Image-2026-03-09-at-17.19.15-1-2-768x576.jpeg 768w, https:\/\/www.nasdecin.cz\/wp-content\/uploads\/2026\/03\/WhatsApp-Image-2026-03-09-at-17.19.15-1-2.jpeg 1280w\" sizes=\"auto, (max-width: 706px) 89vw, (max-width: 767px) 82vw, 740px\" \/><\/figure>\n<\/figure>\n<\/details>\n","protected":false},"excerpt":{"rendered":"<p>V&nbsp;lednov\u00e9 rad\u011b radn\u00ed odsouhlasili p\u0159\u00edpravu ve\u0159ejn\u00e9 zak\u00e1zky na projektovou dokumentaci formou otev\u0159en\u00e9 jednokolov\u00e9 architektonick\u00e9 sout\u011b\u017ee na novou t\u011blocvi\u010dnu ve Vokolkov\u011b ulici.&nbsp; V\u00fdb\u011br zpracovatele projektov\u00e9 dokumentace formou architektonick\u00e9 sout\u011b\u017ee doporu\u010dila kancel\u00e1\u0159 architekta m\u011bsta (KAM). M\u011bsto tak z\u00edsk\u00e1 n\u011bkolik n\u00e1vrh\u016f, ze kter\u00fdch bude moci vybrat ten nejlep\u0161\u00ed. Sout\u011b\u017e bude vyhl\u00e1\u0161ena v pr\u016fb\u011bhu leto\u0161n\u00edho roku, vyhodnocen\u00ed bude k &hellip; <\/p>\n<p class=\"link-more\"><a href=\"https:\/\/www.nasdecin.cz\/?page_id=440\" class=\"more-link\">Pokra\u010dovat ve \u010dten\u00ed<span class=\"screen-reader-text\"> &#8222;M\u011bsto vyhl\u00e1s\u00ed architektonickou sout\u011b\u017e na novou t\u011blocvi\u010dnu ve Vokolkov\u011b ulic&#8220;<\/span><\/a><\/p>\n","protected":false},"author":1,"featured_media":0,"parent":0,"menu_order":0,"comment_status":"closed","ping_status":"closed","template":"","meta":{"footnotes":""},"class_list":["post-440","page","type-page","status-publish","hentry"],"_links":{"self":[{"href":"https:\/\/www.nasdecin.cz\/index.php?rest_route=\/wp\/v2\/pages\/440","targetHints":{"allow":["GET"]}}],"collection":[{"href":"https:\/\/www.nasdecin.cz\/index.php?rest_route=\/wp\/v2\/pages"}],"about":[{"href":"https:\/\/www.nasdecin.cz\/index.php?rest_route=\/wp\/v2\/types\/page"}],"author":[{"embeddable":true,"href":"https:\/\/www.nasdecin.cz\/index.php?rest_route=\/wp\/v2\/users\/1"}],"replies":[{"embeddable":true,"href":"https:\/\/www.nasdecin.cz\/index.php?rest_route=%2Fwp%2Fv2%2Fcomments&post=440"}],"version-history":[{"count":2,"href":"https:\/\/www.nasdecin.cz\/index.php?rest_route=\/wp\/v2\/pages\/440\/revisions"}],"predecessor-version":[{"id":454,"href":"https:\/\/www.nasdecin.cz\/index.php?rest_route=\/wp\/v2\/pages\/440\/revisions\/454"}],"wp:attachment":[{"href":"https:\/\/www.nasdecin.cz\/index.php?rest_route=%2Fwp%2Fv2%2Fmedia&parent=440"}],"curies":[{"name":"wp","href":"https:\/\/api.w.org\/{rel}","templated":true}]}}