{"id":227,"date":"2022-07-07T17:05:24","date_gmt":"2022-07-07T17:05:24","guid":{"rendered":"https:\/\/www.nasdecin.cz\/?page_id=227"},"modified":"2022-09-21T07:21:40","modified_gmt":"2022-09-21T07:21:40","slug":"bezpecnost","status":"publish","type":"page","link":"https:\/\/www.nasdecin.cz\/?page_id=227","title":{"rendered":"Bezpe\u010dnost"},"content":{"rendered":"\n<p>Pocit bezpe\u010d\u00ed obyvatel je d\u016fle\u017eit\u00fd pro kvalitn\u00ed \u017eivot ve m\u011bst\u011b, proto je nezbytn\u00e9 pos\u00edlen\u00ed m\u011bstsk\u00e9 policie v\u010detn\u011b asistent\u016f prevence kriminality. Zam\u011b\u0159en\u00ed ter\u00e9nn\u00ed pr\u00e1ce  na vylou\u010den\u00e9 lokality a intenzivn\u00ed spolupr\u00e1ce s neziskov\u00fdm sektorem.<\/p>\n\n\n\n<ul class=\"wp-block-list\"><li>zv\u00fd\u0161en\u00ed po\u010dtu kamer a automatizace jejich pou\u017eit\u00ed<\/li><li>zaveden\u00ed \u00fasekov\u00e9ho m\u011b\u0159en\u00ed na krizov\u00fdch a nebezpe\u010dn\u00fdch m\u00edstech uvnit\u0159 m\u011bsta<\/li><li>bezpe\u010dnostn\u00ed inspekce v okol\u00ed \u0161kol<\/li><li>pos\u00edlen\u00ed (napln\u011bn\u00ed) stavu M\u011bstsk\u00e9 policie D\u011b\u010d\u00edn<\/li><li>podpora \u010dinnosti asistent\u016f prevence kriminality<\/li><\/ul>\n","protected":false},"excerpt":{"rendered":"<p>Pocit bezpe\u010d\u00ed obyvatel je d\u016fle\u017eit\u00fd pro kvalitn\u00ed \u017eivot ve m\u011bst\u011b, proto je nezbytn\u00e9 pos\u00edlen\u00ed m\u011bstsk\u00e9 policie v\u010detn\u011b asistent\u016f prevence kriminality. Zam\u011b\u0159en\u00ed ter\u00e9nn\u00ed pr\u00e1ce na vylou\u010den\u00e9 lokality a intenzivn\u00ed spolupr\u00e1ce s neziskov\u00fdm sektorem. zv\u00fd\u0161en\u00ed po\u010dtu kamer a automatizace jejich pou\u017eit\u00ed zaveden\u00ed \u00fasekov\u00e9ho m\u011b\u0159en\u00ed na krizov\u00fdch a nebezpe\u010dn\u00fdch m\u00edstech uvnit\u0159 m\u011bsta bezpe\u010dnostn\u00ed inspekce v okol\u00ed \u0161kol pos\u00edlen\u00ed &hellip; <\/p>\n<p class=\"link-more\"><a href=\"https:\/\/www.nasdecin.cz\/?page_id=227\" class=\"more-link\">Pokra\u010dovat ve \u010dten\u00ed<span class=\"screen-reader-text\"> &#8222;Bezpe\u010dnost&#8220;<\/span><\/a><\/p>\n","protected":false},"author":1,"featured_media":0,"parent":0,"menu_order":0,"comment_status":"closed","ping_status":"closed","template":"","meta":{"footnotes":""},"class_list":["post-227","page","type-page","status-publish","hentry"],"_links":{"self":[{"href":"https:\/\/www.nasdecin.cz\/index.php?rest_route=\/wp\/v2\/pages\/227","targetHints":{"allow":["GET"]}}],"collection":[{"href":"https:\/\/www.nasdecin.cz\/index.php?rest_route=\/wp\/v2\/pages"}],"about":[{"href":"https:\/\/www.nasdecin.cz\/index.php?rest_route=\/wp\/v2\/types\/page"}],"author":[{"embeddable":true,"href":"https:\/\/www.nasdecin.cz\/index.php?rest_route=\/wp\/v2\/users\/1"}],"replies":[{"embeddable":true,"href":"https:\/\/www.nasdecin.cz\/index.php?rest_route=%2Fwp%2Fv2%2Fcomments&post=227"}],"version-history":[{"count":3,"href":"https:\/\/www.nasdecin.cz\/index.php?rest_route=\/wp\/v2\/pages\/227\/revisions"}],"predecessor-version":[{"id":323,"href":"https:\/\/www.nasdecin.cz\/index.php?rest_route=\/wp\/v2\/pages\/227\/revisions\/323"}],"wp:attachment":[{"href":"https:\/\/www.nasdecin.cz\/index.php?rest_route=%2Fwp%2Fv2%2Fmedia&parent=227"}],"curies":[{"name":"wp","href":"https:\/\/api.w.org\/{rel}","templated":true}]}}