{"id":223,"date":"2022-07-07T17:03:33","date_gmt":"2022-07-07T17:03:33","guid":{"rendered":"https:\/\/www.nasdecin.cz\/?page_id=223"},"modified":"2022-09-12T11:31:16","modified_gmt":"2022-09-12T11:31:16","slug":"sport","status":"publish","type":"page","link":"https:\/\/www.nasdecin.cz\/?page_id=223","title":{"rendered":"Sport"},"content":{"rendered":"\n<p>Sport je velice d\u016fle\u017eit\u00fd pro n\u00e1s v\u0161echny a to nap\u0159\u00ed\u010d generacemi. U d\u011bt\u00ed je jeho st\u011b\u017eejn\u00ed funkc\u00ed smyslupln\u00e9 tr\u00e1ven\u00ed voln\u00e9ho \u010dasu a funkci m\u00e1 zejm\u00e9na socializa\u010dn\u011b preventivn\u011b v\u00fdchovnou. U st\u0159edn\u00ed a star\u0161\u00ed generace pak p\u0159edch\u00e1z\u00ed \u0159ad\u011b nemoc\u00ed a zdrav\u00e9 tr\u00e1ven\u00ed voln\u00e9ho \u010dasu je sou\u010dasn\u011b vzorem pro ty mlad\u0161\u00ed.<\/p>\n\n\n\n<ul class=\"wp-block-list\"><li>V\u00edce\u00fa\u010delov\u00e1 hala<ul><li>napl\u00e1novat v\u00fdstavbu sportovn\u00ed are\u00e1lu na Star\u00e9m m\u011bst\u011b, v\u010detn\u011b ubytovac\u00edch kapacit a v\u0161eho, co k tomu pat\u0159\u00ed. Mezit\u00edm dostat do majetku m\u011bsta vyho\u0159elou halu u Z\u0160 Dr. Miroslava Tyr\u0161e a zde s pomoc\u00ed \u0161koly a dota\u010dn\u00edch program\u016f vystav\u011bt plnohodnotnou t\u011blocvi\u010dnu pro v\u0161echny sporty<\/li><\/ul><\/li><\/ul>\n\n\n\n<ul class=\"wp-block-list\"><li>nav\u00fd\u0161en\u00ed prost\u0159edk\u016f na podporu sportu v D\u011b\u010d\u00edn\u011b<ul><li>budeme usilovat o stanoven\u00ed procentu\u00e1ln\u00ed \u010d\u00e1stky z rozpo\u010dtu, jako tomu b\u00fdv\u00e1 v dal\u0161\u00edch m\u011bstech. V p\u0159\u00edpad\u011b probl\u00e9m\u016f m\u011bsta je tady n\u00e1stroj k regulaci v\u00fd\u0161e pen\u011bz, kter\u00e9 do sportuje investujeme. Minim\u00e1ln\u00ed fixn\u00ed \u010d\u00e1stka 15 mil korun<\/li><li>v prvn\u00edm roce by 1,5%, v dal\u0161\u00edm 2% a n\u00e1sledn\u011b 2,5%. V takov\u00e9m p\u0159\u00edpad\u011b se za\u010dneme p\u0159ibli\u017eovat celorepublikov\u00e9mu pr\u016fm\u011bru v podpo\u0159e sportu u m\u011bst podobn\u00e9 velikosti.<\/li><\/ul><\/li><\/ul>\n\n\n\n<ul class=\"wp-block-list\"><li>Obnova a rozvoj sportovn\u00edch za\u0159\u00edzen\u00ed v majetku m\u011bsta \u2013 \u0161koln\u00ed t\u011blocvi\u010dny, sportovn\u00ed are\u00e1ly, sportovn\u00ed haly, venkovn\u00ed h\u0159i\u0161t\u011b, zimn\u00ed stadion, plaveck\u00fd are\u00e1l a t\u00edm i sni\u017eovat n\u00e1klady na provoz (povrchy, osv\u011btlen\u00ed, zateplen\u00ed atd.) \u2013 spolupod\u00edlen\u00ed \u0161kol (pronaj\u00edmatel\u016f)<\/li><li>po m\u011bst\u011b je spoustu d\u011btsk\u00fdch h\u0159i\u0161\u0165 pro nejmen\u0161\u00ed( co\u017e je velmi dob\u0159e), ale chyb\u00ed obnova h\u0159i\u0161\u0165 pro ml\u00e1de\u017e ve v\u011bku 8 \u2013 15let. Bynov, B\u0159eziny, Boletice, atd. jsou na tom opravdu velmi \u0161patn\u011b<\/li><\/ul>\n\n\n\n<ul class=\"wp-block-list\"><li>dokon\u010den\u00ed a rekonstrukce sportovn\u011b-odpo\u010dinkov\u00fdch are\u00e1l\u016f v B\u0159ezin\u00e1ch a v \u017delenic\u00edch<\/li><li>obnova \u0161koln\u00edho h\u0159i\u0161t\u011b u Z\u0160 Boletice a u \u017d\u0160 \u017delenice<\/li><li>rozv\u00edjet web a my\u0161lenku D\u011b\u010d\u00edn sportuje, kterou n\u00e1m leckdo z\u00e1vid\u00ed a \u010derp\u00e1 z n\u00ed<\/li><li>dota\u010dn\u00ed program pro sport skl\u00edz\u00ed sam\u00e1 superlativa \u2013 pro\u0161el podrobnou kontrolou \u010cUS, kter\u00e1 ho d\u00e1v\u00e1 za p\u0159\u00edklad, ale lze jej nad\u00e1le rozv\u00edjet \u2013 p\u0159edev\u0161\u00edm ve sm\u011bru ke kategorii voln\u00fd \u010das<\/li><li>chceme podporovat profesion\u00e1ln\u00ed sport, kter\u00fd m\u00e1 velkou n\u00e1vaznost na sport ml\u00e1de\u017ee a je z\u00e1bavou pro na\u0161e ob\u010dany, stejn\u011b jako divadlo, kino a dal\u0161\u00ed<\/li><\/ul>\n","protected":false},"excerpt":{"rendered":"<p>Sport je velice d\u016fle\u017eit\u00fd pro n\u00e1s v\u0161echny a to nap\u0159\u00ed\u010d generacemi. U d\u011bt\u00ed je jeho st\u011b\u017eejn\u00ed funkc\u00ed smyslupln\u00e9 tr\u00e1ven\u00ed voln\u00e9ho \u010dasu a funkci m\u00e1 zejm\u00e9na socializa\u010dn\u011b preventivn\u011b v\u00fdchovnou. U st\u0159edn\u00ed a star\u0161\u00ed generace pak p\u0159edch\u00e1z\u00ed \u0159ad\u011b nemoc\u00ed a zdrav\u00e9 tr\u00e1ven\u00ed voln\u00e9ho \u010dasu je sou\u010dasn\u011b vzorem pro ty mlad\u0161\u00ed. V\u00edce\u00fa\u010delov\u00e1 hala napl\u00e1novat v\u00fdstavbu sportovn\u00ed are\u00e1lu na &hellip; <\/p>\n<p class=\"link-more\"><a href=\"https:\/\/www.nasdecin.cz\/?page_id=223\" class=\"more-link\">Pokra\u010dovat ve \u010dten\u00ed<span class=\"screen-reader-text\"> &#8222;Sport&#8220;<\/span><\/a><\/p>\n","protected":false},"author":1,"featured_media":0,"parent":0,"menu_order":0,"comment_status":"closed","ping_status":"closed","template":"","meta":{"footnotes":""},"class_list":["post-223","page","type-page","status-publish","hentry"],"_links":{"self":[{"href":"https:\/\/www.nasdecin.cz\/index.php?rest_route=\/wp\/v2\/pages\/223","targetHints":{"allow":["GET"]}}],"collection":[{"href":"https:\/\/www.nasdecin.cz\/index.php?rest_route=\/wp\/v2\/pages"}],"about":[{"href":"https:\/\/www.nasdecin.cz\/index.php?rest_route=\/wp\/v2\/types\/page"}],"author":[{"embeddable":true,"href":"https:\/\/www.nasdecin.cz\/index.php?rest_route=\/wp\/v2\/users\/1"}],"replies":[{"embeddable":true,"href":"https:\/\/www.nasdecin.cz\/index.php?rest_route=%2Fwp%2Fv2%2Fcomments&post=223"}],"version-history":[{"count":4,"href":"https:\/\/www.nasdecin.cz\/index.php?rest_route=\/wp\/v2\/pages\/223\/revisions"}],"predecessor-version":[{"id":277,"href":"https:\/\/www.nasdecin.cz\/index.php?rest_route=\/wp\/v2\/pages\/223\/revisions\/277"}],"wp:attachment":[{"href":"https:\/\/www.nasdecin.cz\/index.php?rest_route=%2Fwp%2Fv2%2Fmedia&parent=223"}],"curies":[{"name":"wp","href":"https:\/\/api.w.org\/{rel}","templated":true}]}}