{"id":219,"date":"2022-07-07T17:02:22","date_gmt":"2022-07-07T17:02:22","guid":{"rendered":"https:\/\/www.nasdecin.cz\/?page_id=219"},"modified":"2022-07-07T17:02:22","modified_gmt":"2022-07-07T17:02:22","slug":"socialni-oblast-a-zdravotnictvi","status":"publish","type":"page","link":"https:\/\/www.nasdecin.cz\/?page_id=219","title":{"rendered":"Soci\u00e1ln\u00ed oblast a zdravotnictv\u00ed"},"content":{"rendered":"\n<p>\u0158e\u0161en\u00ed soci\u00e1ln\u00edch ot\u00e1zek je jedn\u00edm ze st\u011b\u017eejn\u00edch \u00fakol\u016f veden\u00ed m\u011bsta a do ur\u010dit\u00e9 m\u00edry odr\u00e1\u017e\u00ed spokojenost ob\u010dan\u016f se \u017eivotem v na\u0161em m\u011bst\u011b. Efektivn\u00ed spolupr\u00e1ce v\u0161ech akt\u00e9r\u016f p\u016fsob\u00edc\u00edch v soci\u00e1ln\u00ed oblasti je kl\u00ed\u010dem k \u0159e\u0161en\u00ed ot\u00e1zek vy\u0161\u0161\u00ed m\u00edry bezpe\u010dnosti, problematiky dluh\u016f, udr\u017een\u00ed st\u00e1vaj\u00edc\u00ed \u010di zv\u00fd\u0161en\u00ed zam\u011bstnanosti a dostupnosti soci\u00e1ln\u00edch slu\u017eeb.<\/p>\n\n\n\n<ul class=\"wp-block-list\"><li>efektivn\u00ed, prov\u00e1zan\u00fd, komplexn\u00ed a organizovan\u00fd syst\u00e9m zaji\u0161t\u011bn\u00ed soci\u00e1ln\u00edch slu\u017eeb<\/li><li>zintenzivn\u011bn\u00ed kontrol v&nbsp;probl\u00e9mov\u00fdch a rizikov\u00fdch soci\u00e1ln\u011b vylou\u010den\u00fdch lokalit<\/li><li>zajist\u00edme pracovn\u00ed p\u0159\u00edle\u017eitost\u00ed pro osoby nejv\u00edce ohro\u017een\u00e9 na trhu pr\u00e1ce<\/li><li>budeme db\u00e1t na dodr\u017eov\u00e1n\u00ed \u0161koln\u00ed doch\u00e1zky<\/li><li>zachov\u00e1me \u010dinnost asistent\u016f prevence kriminality<\/li><li>chceme vhodn\u00e9 a bezpe\u010dn\u00e9 um\u00edst\u011bn\u00ed K-Centra<\/li><li>zasad\u00edme se o vybudov\u00e1n\u00ed&nbsp; potravinov\u00e9&nbsp; banky<\/li><li>reorganizace azylov\u00e9ho domu<\/li><li>podpo\u0159\u00edme nav\u00fd\u0161en\u00ed po\u010dtu ubytovac\u00edch m\u00edst pro seniory<\/li><li>l\u00e9ka\u0159sk\u00e1 dostupnost \u2013 podpora mlad\u00fdm l\u00e9ka\u0159\u016fm<\/li><li>podpo\u0159\u00edme d\u011b\u010d\u00ednskou nemocnici a jej\u00ed maxim\u00e1ln\u00ed vyu\u017eit\u00ed pro ob\u010dany m\u011bsta<\/li><\/ul>\n","protected":false},"excerpt":{"rendered":"<p>\u0158e\u0161en\u00ed soci\u00e1ln\u00edch ot\u00e1zek je jedn\u00edm ze st\u011b\u017eejn\u00edch \u00fakol\u016f veden\u00ed m\u011bsta a do ur\u010dit\u00e9 m\u00edry odr\u00e1\u017e\u00ed spokojenost ob\u010dan\u016f se \u017eivotem v na\u0161em m\u011bst\u011b. Efektivn\u00ed spolupr\u00e1ce v\u0161ech akt\u00e9r\u016f p\u016fsob\u00edc\u00edch v soci\u00e1ln\u00ed oblasti je kl\u00ed\u010dem k \u0159e\u0161en\u00ed ot\u00e1zek vy\u0161\u0161\u00ed m\u00edry bezpe\u010dnosti, problematiky dluh\u016f, udr\u017een\u00ed st\u00e1vaj\u00edc\u00ed \u010di zv\u00fd\u0161en\u00ed zam\u011bstnanosti a dostupnosti soci\u00e1ln\u00edch slu\u017eeb. efektivn\u00ed, prov\u00e1zan\u00fd, komplexn\u00ed a organizovan\u00fd syst\u00e9m &hellip; <\/p>\n<p class=\"link-more\"><a href=\"https:\/\/www.nasdecin.cz\/?page_id=219\" class=\"more-link\">Pokra\u010dovat ve \u010dten\u00ed<span class=\"screen-reader-text\"> &#8222;Soci\u00e1ln\u00ed oblast a zdravotnictv\u00ed&#8220;<\/span><\/a><\/p>\n","protected":false},"author":1,"featured_media":0,"parent":0,"menu_order":0,"comment_status":"closed","ping_status":"closed","template":"","meta":{"footnotes":""},"class_list":["post-219","page","type-page","status-publish","hentry"],"_links":{"self":[{"href":"https:\/\/www.nasdecin.cz\/index.php?rest_route=\/wp\/v2\/pages\/219","targetHints":{"allow":["GET"]}}],"collection":[{"href":"https:\/\/www.nasdecin.cz\/index.php?rest_route=\/wp\/v2\/pages"}],"about":[{"href":"https:\/\/www.nasdecin.cz\/index.php?rest_route=\/wp\/v2\/types\/page"}],"author":[{"embeddable":true,"href":"https:\/\/www.nasdecin.cz\/index.php?rest_route=\/wp\/v2\/users\/1"}],"replies":[{"embeddable":true,"href":"https:\/\/www.nasdecin.cz\/index.php?rest_route=%2Fwp%2Fv2%2Fcomments&post=219"}],"version-history":[{"count":1,"href":"https:\/\/www.nasdecin.cz\/index.php?rest_route=\/wp\/v2\/pages\/219\/revisions"}],"predecessor-version":[{"id":220,"href":"https:\/\/www.nasdecin.cz\/index.php?rest_route=\/wp\/v2\/pages\/219\/revisions\/220"}],"wp:attachment":[{"href":"https:\/\/www.nasdecin.cz\/index.php?rest_route=%2Fwp%2Fv2%2Fmedia&parent=219"}],"curies":[{"name":"wp","href":"https:\/\/api.w.org\/{rel}","templated":true}]}}