{"id":214,"date":"2022-07-07T16:58:21","date_gmt":"2022-07-07T16:58:21","guid":{"rendered":"https:\/\/www.nasdecin.cz\/?page_id=214"},"modified":"2022-09-14T23:34:05","modified_gmt":"2022-09-14T23:34:05","slug":"doprava-ve-meste-a-okoli","status":"publish","type":"page","link":"https:\/\/www.nasdecin.cz\/?page_id=214","title":{"rendered":"Doprava ve m\u011bst\u011b a okol\u00ed"},"content":{"rendered":"\n<p>V\u00a0posledn\u00edch n\u011bkolika letech je pohyb z\u00a0jedn\u00e9 \u010d\u00e1sti m\u011bsta na druhou velmi obt\u00ed\u017en\u00fd a slo\u017eit\u00fd. D\u016fvodem je n\u011bkolik aspekt\u016f, kter\u00fdmi je nutn\u00e9 se zab\u00fdvat. Odleh\u010dit dopravu v\u00a0centru m\u011bsta, ale nezp\u016fsobit t\u00edm dopravn\u00ed z\u00e1cpy v\u00a0jin\u00e9 \u010d\u00e1sti. Naj\u00edt \u0159e\u0161en\u00ed parkov\u00e1n\u00ed pro m\u00edstn\u00ed i n\u00e1v\u0161t\u011bvn\u00edky m\u011bsta. Podpo\u0159it pohyb p\u011b\u0161\u00edch i cyklist\u016f.<\/p>\n\n\n\n<ul class=\"wp-block-list\"><li>inovace v oblasti parkov\u00e1n\u00ed<\/li><li>\u00faprava okru\u017en\u00edch k\u0159i\u017eovatek pro zv\u00fd\u0161en\u00ed kapacity (Lidl, Benzina)<\/li><li>v\u00fdznamn\u00e9 zlep\u0161en\u00ed infrastruktury pro p\u011b\u0161\u00ed a cyklisty<\/li><li>podpora ve\u0159ejn\u00e9 hromadn\u00e9 dopravy<\/li><li>koordinace dopravn\u00edch staveb<\/li><li>realizace l\u00e1vky pro p\u011b\u0161\u00ed a cyklisty p\u0159es Labe mezi Podmokly a Mari\u00e1nskou Loukou<\/li><li>kontrola kvality technick\u00e9ho a stavebn\u00edho proveden\u00ed oprav komunikac\u00ed<\/li><li>p\u0159epracov\u00e1n\u00ed prostoru p\u0159ed hlavn\u00edm n\u00e1dra\u017e\u00edm<\/li><li>dopravn\u011b \u2013 bezpe\u010dn\u00e9 z\u00f3ny v okol\u00ed \u0161kol<\/li><li>zv\u00fd\u0161en\u00ed po\u010dtu obytn\u00fdch z\u00f3n pro bezpe\u010dn\u011bj\u0161\u00ed pohyb p\u011b\u0161\u00edch a zklidn\u011bn\u00ed dopravy<\/li><li>zm\u011bna dopravn\u00ed situace v centru D\u011b\u010d\u00edna 1<\/li><\/ul>\n\n\n\n<p>V\u00edce se dozv\u00edte ve \u010dl\u00e1nku <a href=\"https:\/\/www.nasdecin.cz\/?page_id=189\" data-type=\"page\" data-id=\"189\">Doprava v D\u011b\u010d\u00edn\u011b<\/a><\/p>\n","protected":false},"excerpt":{"rendered":"<p>V\u00a0posledn\u00edch n\u011bkolika letech je pohyb z\u00a0jedn\u00e9 \u010d\u00e1sti m\u011bsta na druhou velmi obt\u00ed\u017en\u00fd a slo\u017eit\u00fd. D\u016fvodem je n\u011bkolik aspekt\u016f, kter\u00fdmi je nutn\u00e9 se zab\u00fdvat. Odleh\u010dit dopravu v\u00a0centru m\u011bsta, ale nezp\u016fsobit t\u00edm dopravn\u00ed z\u00e1cpy v\u00a0jin\u00e9 \u010d\u00e1sti. Naj\u00edt \u0159e\u0161en\u00ed parkov\u00e1n\u00ed pro m\u00edstn\u00ed i n\u00e1v\u0161t\u011bvn\u00edky m\u011bsta. Podpo\u0159it pohyb p\u011b\u0161\u00edch i cyklist\u016f. inovace v oblasti parkov\u00e1n\u00ed \u00faprava okru\u017en\u00edch k\u0159i\u017eovatek pro &hellip; <\/p>\n<p class=\"link-more\"><a href=\"https:\/\/www.nasdecin.cz\/?page_id=214\" class=\"more-link\">Pokra\u010dovat ve \u010dten\u00ed<span class=\"screen-reader-text\"> &#8222;Doprava ve m\u011bst\u011b a okol\u00ed&#8220;<\/span><\/a><\/p>\n","protected":false},"author":1,"featured_media":0,"parent":0,"menu_order":0,"comment_status":"closed","ping_status":"closed","template":"","meta":{"footnotes":""},"class_list":["post-214","page","type-page","status-publish","hentry"],"_links":{"self":[{"href":"https:\/\/www.nasdecin.cz\/index.php?rest_route=\/wp\/v2\/pages\/214","targetHints":{"allow":["GET"]}}],"collection":[{"href":"https:\/\/www.nasdecin.cz\/index.php?rest_route=\/wp\/v2\/pages"}],"about":[{"href":"https:\/\/www.nasdecin.cz\/index.php?rest_route=\/wp\/v2\/types\/page"}],"author":[{"embeddable":true,"href":"https:\/\/www.nasdecin.cz\/index.php?rest_route=\/wp\/v2\/users\/1"}],"replies":[{"embeddable":true,"href":"https:\/\/www.nasdecin.cz\/index.php?rest_route=%2Fwp%2Fv2%2Fcomments&post=214"}],"version-history":[{"count":4,"href":"https:\/\/www.nasdecin.cz\/index.php?rest_route=\/wp\/v2\/pages\/214\/revisions"}],"predecessor-version":[{"id":292,"href":"https:\/\/www.nasdecin.cz\/index.php?rest_route=\/wp\/v2\/pages\/214\/revisions\/292"}],"wp:attachment":[{"href":"https:\/\/www.nasdecin.cz\/index.php?rest_route=%2Fwp%2Fv2%2Fmedia&parent=214"}],"curies":[{"name":"wp","href":"https:\/\/api.w.org\/{rel}","templated":true}]}}