{"id":212,"date":"2022-07-07T16:57:15","date_gmt":"2022-07-07T16:57:15","guid":{"rendered":"https:\/\/www.nasdecin.cz\/?page_id=212"},"modified":"2022-07-07T16:57:15","modified_gmt":"2022-07-07T16:57:15","slug":"ekonomika-mesta","status":"publish","type":"page","link":"https:\/\/www.nasdecin.cz\/?page_id=212","title":{"rendered":"Ekonomika m\u011bsta"},"content":{"rendered":"\n<p>D\u016fkladn\u00e1 anal\u00fdza majetku, rozpo\u010dtu m\u011bsta a m\u011bstsk\u00fdch p\u0159\u00edsp\u011bvkov\u00fdch organizac\u00ed, porovn\u00e1n\u00ed&nbsp; v\u00fdstup\u016f hospoda\u0159en\u00ed, cenov\u00e1 politika vstup\u016f, sjednocen\u00ed postup\u016f a pravideln\u00fd intern\u00ed audit nez\u00e1visl\u00fdmi odborn\u00edky nebo finan\u010dn\u00ed komis\u00ed. D\u016fle\u017eit\u00e1 je profesn\u00ed podpora a z\u00e1rove\u0148 d\u016fsledn\u00e1 kontrola dodr\u017eov\u00e1n\u00ed stanoven\u00fdch pravidel. Pl\u00e1nujeme stanoven\u00ed priorit velk\u00fdch investic do jednotliv\u00fdch oblast\u00ed na cel\u00e9 funk\u010dn\u00ed obdob\u00ed s aktivn\u00edm vyu\u017e\u00edv\u00e1n\u00edm dota\u010dn\u00edch program\u016f a efektivn\u00edm vyu\u017eit\u00ed \u00fav\u011brov\u00e9 politiky.<\/p>\n\n\n\n<ul class=\"wp-block-list\"><li>nakl\u00e1d\u00e1n\u00ed s \u00fav\u011brem, zv\u00fd\u0161it investi\u010dn\u00ed schopnosti m\u011bsta<\/li><li>nastartov\u00e1n\u00ed projekt\u016f PPP, tedy spolupr\u00e1ce se soukrom\u00fdm sektor v oblasti velk\u00fdch investic<\/li><li>podpora vzniku m\u011bstsk\u00fdch organizac\u00ed pro oblast parkov\u00e1n\u00ed, inovace<\/li><li>ot\u00e1zka zadlu\u017eov\u00e1n\u00ed m\u011bsta<\/li><li>odpadov\u00e9 hospod\u00e1\u0159stv\u00ed<\/li><li>efektivita pr\u00e1ce \u00fa\u0159adu \u2013 v\u00fdznamn\u011b pos\u00edlit propojen\u00ed oblast\u00ed st\u00e1tn\u00ed spr\u00e1vy a samospr\u00e1vy<\/li><li>aktivn\u00ed vyhled\u00e1v\u00e1n\u00ed a vyu\u017e\u00edv\u00e1n\u00ed dota\u010dn\u00edch program\u016f<\/li><li>n\u00e1m\u011bstek pro ekonomiku nebo m\u011bstsk\u00fd hospod\u00e1\u0159<\/li><li>propojov\u00e1n\u00ed odborn\u00edk\u016f soukrom\u00e9ho sektoru a m\u011bsta<\/li><\/ul>\n","protected":false},"excerpt":{"rendered":"<p>D\u016fkladn\u00e1 anal\u00fdza majetku, rozpo\u010dtu m\u011bsta a m\u011bstsk\u00fdch p\u0159\u00edsp\u011bvkov\u00fdch organizac\u00ed, porovn\u00e1n\u00ed&nbsp; v\u00fdstup\u016f hospoda\u0159en\u00ed, cenov\u00e1 politika vstup\u016f, sjednocen\u00ed postup\u016f a pravideln\u00fd intern\u00ed audit nez\u00e1visl\u00fdmi odborn\u00edky nebo finan\u010dn\u00ed komis\u00ed. D\u016fle\u017eit\u00e1 je profesn\u00ed podpora a z\u00e1rove\u0148 d\u016fsledn\u00e1 kontrola dodr\u017eov\u00e1n\u00ed stanoven\u00fdch pravidel. Pl\u00e1nujeme stanoven\u00ed priorit velk\u00fdch investic do jednotliv\u00fdch oblast\u00ed na cel\u00e9 funk\u010dn\u00ed obdob\u00ed s aktivn\u00edm vyu\u017e\u00edv\u00e1n\u00edm dota\u010dn\u00edch program\u016f a &hellip; <\/p>\n<p class=\"link-more\"><a href=\"https:\/\/www.nasdecin.cz\/?page_id=212\" class=\"more-link\">Pokra\u010dovat ve \u010dten\u00ed<span class=\"screen-reader-text\"> &#8222;Ekonomika m\u011bsta&#8220;<\/span><\/a><\/p>\n","protected":false},"author":1,"featured_media":0,"parent":0,"menu_order":0,"comment_status":"closed","ping_status":"closed","template":"","meta":{"_bbp_topic_count":0,"_bbp_reply_count":0,"_bbp_total_topic_count":0,"_bbp_total_reply_count":0,"_bbp_voice_count":0,"_bbp_anonymous_reply_count":0,"_bbp_topic_count_hidden":0,"_bbp_reply_count_hidden":0,"_bbp_forum_subforum_count":0,"footnotes":""},"class_list":["post-212","page","type-page","status-publish","hentry"],"_links":{"self":[{"href":"https:\/\/www.nasdecin.cz\/index.php?rest_route=\/wp\/v2\/pages\/212","targetHints":{"allow":["GET"]}}],"collection":[{"href":"https:\/\/www.nasdecin.cz\/index.php?rest_route=\/wp\/v2\/pages"}],"about":[{"href":"https:\/\/www.nasdecin.cz\/index.php?rest_route=\/wp\/v2\/types\/page"}],"author":[{"embeddable":true,"href":"https:\/\/www.nasdecin.cz\/index.php?rest_route=\/wp\/v2\/users\/1"}],"replies":[{"embeddable":true,"href":"https:\/\/www.nasdecin.cz\/index.php?rest_route=%2Fwp%2Fv2%2Fcomments&post=212"}],"version-history":[{"count":1,"href":"https:\/\/www.nasdecin.cz\/index.php?rest_route=\/wp\/v2\/pages\/212\/revisions"}],"predecessor-version":[{"id":213,"href":"https:\/\/www.nasdecin.cz\/index.php?rest_route=\/wp\/v2\/pages\/212\/revisions\/213"}],"wp:attachment":[{"href":"https:\/\/www.nasdecin.cz\/index.php?rest_route=%2Fwp%2Fv2%2Fmedia&parent=212"}],"curies":[{"name":"wp","href":"https:\/\/api.w.org\/{rel}","templated":true}]}}