{"id":187,"date":"2022-06-26T07:46:55","date_gmt":"2022-06-26T07:46:55","guid":{"rendered":"https:\/\/www.nasdecin.cz\/?page_id=187"},"modified":"2022-06-26T07:46:55","modified_gmt":"2022-06-26T07:46:55","slug":"lavka-pro-pesi-a-cyklisty-na-telese-zeleznicniho-mostu","status":"publish","type":"page","link":"https:\/\/www.nasdecin.cz\/?page_id=187","title":{"rendered":"L\u00e1vka pro p\u011b\u0161\u00ed a cyklisty na t\u011blese \u017eelezni\u010dn\u00edho mostu"},"content":{"rendered":"\n<p>Vzhledem k&nbsp;tomu, \u017ee je naprost\u00e1 absence bezpe\u010dn\u00e9 infrastruktury pro pohyb p\u011b\u0161\u00edch a cyklist\u016f z&nbsp;jednoho b\u0159ehu na druh\u00fd. Je stavba l\u00e1vky na t\u011blese \u017eelezni\u010dn\u00edho mostu kl\u00ed\u010dov\u00fdm momentem.&nbsp;<\/p>\n\n\n\n<p>&nbsp;V roce 2018 vyhl\u00e1silo statut\u00e1rn\u00ed m\u011bsto D\u011b\u010d\u00edn ve\u0159ejnou architektonicko-konstruk\u010dn\u00ed sout\u011b\u017e o n\u00e1vrh dle regul\u00ed \u010cesk\u00e9 komory architekt\u016f s n\u00e1zvem &#8222;L\u00e1vka D\u011b\u010d\u00edn &#8211; Podmokly&#8220;. Po vyhodnocen\u00ed&nbsp; sout\u011b\u017ee byla v r\u00e1mci navazuj\u00edc\u00ed zak\u00e1zky uzav\u0159ena v listopadu 2019 s Ing. arch. Alexandrem Kota\u010dkou Smlouva o d\u00edlo, kdy p\u0159edm\u011btem smlouvy je zpracov\u00e1n\u00ed projektov\u00e9 dokumentace, kter\u00e1 m\u00e1 b\u00fdt provedena na z\u00e1klad\u011b v\u00edt\u011bzn\u00e9ho n\u00e1vrhu v sout\u011b\u017ei. Nyn\u00ed je dokon\u010dena projektov\u00e1 dokumentace a vy\u0159izuje se stavebn\u00ed povolen\u00ed. V&nbsp;leto\u0161n\u00edm roce by m\u011blo doj\u00edt k&nbsp;pod\u00e1n\u00ed \u017e\u00e1dosti o dotaci. Realizace t\u00e9to dlouho o\u010dek\u00e1van\u00e9 stavby se p\u0159edpokl\u00e1d\u00e1 v&nbsp;letech 2023 \u2013 2025. Tato stavba je velmi d\u016fle\u017eit\u00fdm momentem, kter\u00fd v\u00fdrazn\u011b ovlivn\u00ed \u017eivot ve m\u011bst\u011b a p\u0159inese bezpe\u010dnou mo\u017enost, jak propojit oba b\u0159ehy \u0159eky.&nbsp;<\/p>\n\n\n\n<p>D\u00edky t\u00e9to stavb\u011b bude s&nbsp;men\u0161\u00edmi finan\u010dn\u00edmi n\u00e1roky mo\u017en\u00e9 d\u00e1le postupovat v&nbsp;budov\u00e1n\u00ed n\u00e1vazn\u00e9 infrastruktury.<\/p>\n","protected":false},"excerpt":{"rendered":"<p>Vzhledem k&nbsp;tomu, \u017ee je naprost\u00e1 absence bezpe\u010dn\u00e9 infrastruktury pro pohyb p\u011b\u0161\u00edch a cyklist\u016f z&nbsp;jednoho b\u0159ehu na druh\u00fd. Je stavba l\u00e1vky na t\u011blese \u017eelezni\u010dn\u00edho mostu kl\u00ed\u010dov\u00fdm momentem.&nbsp; &nbsp;V roce 2018 vyhl\u00e1silo statut\u00e1rn\u00ed m\u011bsto D\u011b\u010d\u00edn ve\u0159ejnou architektonicko-konstruk\u010dn\u00ed sout\u011b\u017e o n\u00e1vrh dle regul\u00ed \u010cesk\u00e9 komory architekt\u016f s n\u00e1zvem &#8222;L\u00e1vka D\u011b\u010d\u00edn &#8211; Podmokly&#8220;. Po vyhodnocen\u00ed&nbsp; sout\u011b\u017ee byla v r\u00e1mci &hellip; <\/p>\n<p class=\"link-more\"><a href=\"https:\/\/www.nasdecin.cz\/?page_id=187\" class=\"more-link\">Pokra\u010dovat ve \u010dten\u00ed<span class=\"screen-reader-text\"> &#8222;L\u00e1vka pro p\u011b\u0161\u00ed a cyklisty na t\u011blese \u017eelezni\u010dn\u00edho mostu&#8220;<\/span><\/a><\/p>\n","protected":false},"author":1,"featured_media":0,"parent":0,"menu_order":0,"comment_status":"closed","ping_status":"closed","template":"","meta":{"footnotes":""},"class_list":["post-187","page","type-page","status-publish","hentry"],"_links":{"self":[{"href":"https:\/\/www.nasdecin.cz\/index.php?rest_route=\/wp\/v2\/pages\/187","targetHints":{"allow":["GET"]}}],"collection":[{"href":"https:\/\/www.nasdecin.cz\/index.php?rest_route=\/wp\/v2\/pages"}],"about":[{"href":"https:\/\/www.nasdecin.cz\/index.php?rest_route=\/wp\/v2\/types\/page"}],"author":[{"embeddable":true,"href":"https:\/\/www.nasdecin.cz\/index.php?rest_route=\/wp\/v2\/users\/1"}],"replies":[{"embeddable":true,"href":"https:\/\/www.nasdecin.cz\/index.php?rest_route=%2Fwp%2Fv2%2Fcomments&post=187"}],"version-history":[{"count":1,"href":"https:\/\/www.nasdecin.cz\/index.php?rest_route=\/wp\/v2\/pages\/187\/revisions"}],"predecessor-version":[{"id":188,"href":"https:\/\/www.nasdecin.cz\/index.php?rest_route=\/wp\/v2\/pages\/187\/revisions\/188"}],"wp:attachment":[{"href":"https:\/\/www.nasdecin.cz\/index.php?rest_route=%2Fwp%2Fv2%2Fmedia&parent=187"}],"curies":[{"name":"wp","href":"https:\/\/api.w.org\/{rel}","templated":true}]}}